{"id":1656,"date":"2023-12-01T16:23:45","date_gmt":"2023-12-01T15:23:45","guid":{"rendered":"https:\/\/www.escentina.com\/company\/"},"modified":"2026-01-22T16:03:27","modified_gmt":"2026-01-22T15:03:27","slug":"unternehmen","status":"publish","type":"page","link":"https:\/\/www.escentina.com\/de\/unternehmen\/","title":{"rendered":"Unternehmen"},"content":{"rendered":"\n<header class=\"wp-block-group parallax\"><div class=\"wp-block-group__inner-container is-layout-constrained wp-block-group-is-layout-constrained\">\n<h1 class=\"wp-block-heading\">Unser Unternehmen<\/h1>\n\n\n\n<h2 class=\"wp-block-heading\">Unsere Mission: <br>Die Parf\u00fcmerie auf nat\u00fcrliche Produkte ausrichten<\/h2>\n\n\n\n<p class=\"scroller\"><a href=\"#introduction\">Scroll<\/a><\/p>\n<\/div><\/header>\n\n\n\n<section class=\"wp-block-group alignwide intro\" id=\"introduction\"><div class=\"wp-block-group__inner-container is-layout-constrained wp-block-group-is-layout-constrained\">\n<p>Die Parf\u00fcms von Escentina sind mehr als nur D\u00fcfte &#8211; sie repr\u00e4sentieren, wer wir sind und wof\u00fcr wir stehen. Geleitet von unserer Mission, die grenzenlosen M\u00f6glichkeiten der Natur zu entfalten und sie f\u00fcr kommende Generationen zu bewahren, streben wir danach, die transformative Kraft von D\u00fcften zu entschl\u00fcsseln. W\u00e4hrend wir den Weg f\u00fcr eine Zukunft voller Innovationen ebnen, bleibt unser Engagement und Bekenntnis f\u00fcr das Thema Nachhaltigkeit unersch\u00fctterlich.<\/p>\n<\/div><\/section>\n\n\n\n<section class=\"wp-block-group alignwide\"><div class=\"wp-block-group__inner-container is-layout-constrained wp-block-group-is-layout-constrained\">\n<div class=\"wp-block-columns are-vertically-aligned-center is-layout-flex wp-container-core-columns-is-layout-9d6595d7 wp-block-columns-is-layout-flex\">\n<div class=\"wp-block-column is-vertically-aligned-center is-layout-flow wp-block-column-is-layout-flow\">\n<h3 class=\"wp-block-heading\">Unsere Geschichte<\/h3>\n\n\n\n<p>Das 1949 gegr\u00fcndete Unternehmen Escentina begann seine Reise als Pionier f\u00fcr naturbelassene Rohstoffe lange bevor Escentina sich zu einem weltweiten Begriff f\u00fcr faszinierende D\u00fcfte entwickelte, die den Zauber und die Sch\u00f6nheit der Schweiz widerspiegeln. Tauchen Sie ein in unsere Tradition der Perfektion, welche wir durch die Bew\u00e4ltigung logistischer Herausforderungen und die Kreation zeitloser, nat\u00fcrlicher D\u00fcfte geschaffen haben, die seit den 1990er Jahren die Sinne begeistern. Werden Sie Teil unserer Zielsetzung, eine von der Natur ausgehende Entwicklung zu f\u00f6rdern und Sch\u00f6nheit und Verantwortung in jeder einzelnen kostbaren Duftessenz miteinander zu verbinden.<\/p>\n\n\n\n<div class=\"wp-block-buttons is-layout-flex wp-block-buttons-is-layout-flex\">\n<div class=\"wp-block-button\"><a class=\"wp-block-button__link wp-element-button\" href=\"https:\/\/www.escentina.com\/de\/unternehmen\/geschichte\/\">Mehr Erfahren<\/a><\/div>\n<\/div>\n<\/div>\n\n\n\n<div class=\"wp-block-column is-vertically-aligned-center is-layout-flow wp-block-column-is-layout-flow\">\n<figure class=\"wp-block-image size-medium\"><img alt=\"Escentina&#039;s heritage\" loading=\"lazy\" decoding=\"async\" width=\"630\" height=\"630\" src=\"https:\/\/www.escentina.com\/wp-content\/uploads\/2023\/12\/Escentina-Heritage-min-630x630.jpg\" alt=\"\" class=\"wp-image-134\" srcset=\"https:\/\/www.escentina.com\/wp-content\/uploads\/2023\/12\/Escentina-Heritage-min-630x630.jpg 630w, https:\/\/www.escentina.com\/wp-content\/uploads\/2023\/12\/Escentina-Heritage-min-300x300.jpg 300w, https:\/\/www.escentina.com\/wp-content\/uploads\/2023\/12\/Escentina-Heritage-min-768x768.jpg 768w, https:\/\/www.escentina.com\/wp-content\/uploads\/2023\/12\/Escentina-Heritage-min.jpg 1200w\" sizes=\"auto, (max-width: 630px) 100vw, 630px\" \/><\/figure>\n<\/div>\n<\/div>\n\n\n\n<div class=\"wp-block-columns are-vertically-aligned-center is-layout-flex wp-container-core-columns-is-layout-9d6595d7 wp-block-columns-is-layout-flex\">\n<div class=\"wp-block-column is-vertically-aligned-center is-layout-flow wp-block-column-is-layout-flow\">\n<figure class=\"wp-block-image size-medium\"><img alt=\"Escentina&#039;s fragrance expertise\" loading=\"lazy\" decoding=\"async\" width=\"630\" height=\"630\" src=\"https:\/\/www.escentina.com\/wp-content\/uploads\/2023\/12\/Escentina-Expertise-min-630x630.jpg\" alt=\"\" class=\"wp-image-114\" style=\"object-fit:cover\" srcset=\"https:\/\/www.escentina.com\/wp-content\/uploads\/2023\/12\/Escentina-Expertise-min-630x630.jpg 630w, https:\/\/www.escentina.com\/wp-content\/uploads\/2023\/12\/Escentina-Expertise-min-300x300.jpg 300w, https:\/\/www.escentina.com\/wp-content\/uploads\/2023\/12\/Escentina-Expertise-min-768x768.jpg 768w, https:\/\/www.escentina.com\/wp-content\/uploads\/2023\/12\/Escentina-Expertise-min.jpg 1200w\" sizes=\"auto, (max-width: 630px) 100vw, 630px\" \/><\/figure>\n<\/div>\n\n\n\n<div class=\"wp-block-column is-vertically-aligned-center is-layout-flow wp-block-column-is-layout-flow\">\n<h3 class=\"wp-block-heading\">Unsere Expertise<\/h3>\n\n\n\n<p>Die Herstellung nachhaltiger, 100 % nat\u00fcrlicher D\u00fcfte f\u00fcr verschiedene Branchen ist das Herzst\u00fcck unserer Kompetenz. In unserem Labor harmonieren Tradition und Innovation nahtlos miteinander. Unsere in der Schweiz hergestellten D\u00fcfte, die durch strenge Pr\u00fcfungen zertifiziert werden, entsprechen den globalen Richtlinien. Diese begeistert die Kundschaft in \u00fcber 30 L\u00e4ndern. Die internen Vorgaben von Escentina gehen \u00fcber die globalen Richtlinien hinaus und stellen so die Grundlage f\u00fcr die h\u00f6chste Produktqualit\u00e4t dar. Unsere Parf\u00fcmdesignenden werden von ihren Fachkenntnissen in der Branche geleitet und bringen ihre Innovationen in jede Stufe ein, von den Rohstoffen bis zum fertigen duftenden Meisterwerk.<\/p>\n\n\n\n<div class=\"wp-block-buttons is-layout-flex wp-block-buttons-is-layout-flex\">\n<div class=\"wp-block-button\"><a class=\"wp-block-button__link wp-element-button\" href=\"https:\/\/www.escentina.com\/de\/unternehmen\/expertise\/\">Mehr erfahren<\/a><\/div>\n<\/div>\n<\/div>\n<\/div>\n\n\n\n<div class=\"wp-block-columns are-vertically-aligned-center is-layout-flex wp-container-core-columns-is-layout-9d6595d7 wp-block-columns-is-layout-flex\">\n<div class=\"wp-block-column is-vertically-aligned-center is-layout-flow wp-block-column-is-layout-flow\">\n<h3 class=\"wp-block-heading\">Unsere Kultur<\/h3>\n\n\n\n<p>Unsere unersch\u00fctterliche Leidenschaft f\u00fcr nat\u00fcrliche D\u00fcfte spiegelt sich in unserem Engagement f\u00fcr Nachhaltigkeit, Innovation und k\u00fcnstlerischem Ausdruck wider. Unser Ziel ist es, die transformative Kraft von D\u00fcften zu vermitteln. Unsere weltweite Anerkennung beruht auf unseren innovativen nat\u00fcrlichen D\u00fcften, welche wiederum auf unserer Expertise in der Auswahl \u00e4therischer \u00d6le und der Kunst der Herstellung nachhaltiger Parf\u00fcms beruhen. Unsere Unternehmenskultur ist in ethischen Standards und gesellschaftlichem Engagement verankert und unterst\u00fctzt einerseits Innovationen und andererseits die individuelle Kreativit\u00e4t in einem harmonischen und integrativen Umfeld.<\/p>\n\n\n\n<div class=\"wp-block-buttons is-layout-flex wp-block-buttons-is-layout-flex\">\n<div class=\"wp-block-button\"><a class=\"wp-block-button__link wp-element-button\" href=\"https:\/\/www.escentina.com\/de\/unternehmen\/kultur\/\">Mehr erfahren<\/a><\/div>\n<\/div>\n<\/div>\n\n\n\n<div class=\"wp-block-column is-vertically-aligned-center is-layout-flow wp-block-column-is-layout-flow\">\n<figure class=\"wp-block-image size-medium\"><img alt=\"\" loading=\"lazy\" decoding=\"async\" width=\"630\" height=\"630\" src=\"https:\/\/www.escentina.com\/wp-content\/uploads\/2023\/12\/Escentina-Culture-min-630x630.jpg\" alt=\"\" class=\"wp-image-1513\" srcset=\"https:\/\/www.escentina.com\/wp-content\/uploads\/2023\/12\/Escentina-Culture-min-630x630.jpg 630w, https:\/\/www.escentina.com\/wp-content\/uploads\/2023\/12\/Escentina-Culture-min-300x300.jpg 300w, https:\/\/www.escentina.com\/wp-content\/uploads\/2023\/12\/Escentina-Culture-min-768x768.jpg 768w, https:\/\/www.escentina.com\/wp-content\/uploads\/2023\/12\/Escentina-Culture-min.jpg 1200w\" sizes=\"auto, (max-width: 630px) 100vw, 630px\" \/><\/figure>\n<\/div>\n<\/div>\n\n\n\n<div class=\"wp-block-columns are-vertically-aligned-center is-layout-flex wp-container-core-columns-is-layout-9d6595d7 wp-block-columns-is-layout-flex\">\n<div class=\"wp-block-column is-vertically-aligned-center is-layout-flow wp-block-column-is-layout-flow\">\n<figure class=\"wp-block-image size-medium\"><img alt=\"Escentina&#039;s Sustainability Initiatives\" loading=\"lazy\" decoding=\"async\" width=\"630\" height=\"630\" src=\"https:\/\/www.escentina.com\/wp-content\/uploads\/2023\/12\/Escentina-Sustainability-min-630x630.jpg\" alt=\"\" class=\"wp-image-136\" srcset=\"https:\/\/www.escentina.com\/wp-content\/uploads\/2023\/12\/Escentina-Sustainability-min-630x630.jpg 630w, https:\/\/www.escentina.com\/wp-content\/uploads\/2023\/12\/Escentina-Sustainability-min-300x300.jpg 300w, https:\/\/www.escentina.com\/wp-content\/uploads\/2023\/12\/Escentina-Sustainability-min-768x768.jpg 768w, https:\/\/www.escentina.com\/wp-content\/uploads\/2023\/12\/Escentina-Sustainability-min.jpg 1200w\" sizes=\"auto, (max-width: 630px) 100vw, 630px\" \/><\/figure>\n<\/div>\n\n\n\n<div class=\"wp-block-column is-vertically-aligned-center is-layout-flow wp-block-column-is-layout-flow\">\n<h3 class=\"wp-block-heading\">Unsere Nachhaltigkeitsinitiativen<\/h3>\n\n\n\n<p>Wir verbinden Qualit\u00e4t mit Umweltverantwortung und arbeiten seit \u00fcber 70 Jahren daran, den \u00dcbergang von \u00e4therischen \u00d6len zu nachhaltigen D\u00fcften zu verbessern. Als einer der Initiatoren der <a title=\"IOFI ist die Internationale Organisation der Geschmacksstoffindustrie, ein globaler Interessensverband, der die Aromenindustrie vertritt. Die Hauptaufgabe der IOFI ist die F\u00f6rderung der Sicherheit und Qualit\u00e4t von Aromen, die in Lebensmitteln und anderen Produkten verwendet werden, durch die Ausarbeitung bew\u00e4hrter Verfahren und das Eintreten f\u00fcr wissenschaftlich fundierte Vorschriften und Massnahmen.\" href=\"#\">IOFI<\/a>-Charta und langj\u00e4hriges Mitglied der <a title=\"IFRA ist die International Fragrance Association, ein global aktiver Interessensverband der Parfumindustrie, der weltweite Standards f\u00fcr die sichere Verwendung von Duftstoffen in Konsumg\u00fctern festlegt. Die IFRA-Standards werden auf der Grundlage wissenschaftlicher Forschung und Risikobewertungen entwickelt und legen H\u00f6chstkonzentrationen von Duftstoffen in verschiedenen Produkten fest. Die IFRA bietet Beratung und Unterst\u00fctzung in den Bereichen Duftsicherheit, Nachhaltigkeit und Einhaltung gesetzlicher Vorschriften, um zu gew\u00e4hrleisten, dass die Verbraucher Duftstoffe sicher und langfristig geniessen k\u00f6nnen.\" href=\"#\">IFRA<\/a> arbeitet Escentina mit mehr als 130 Unternehmen zusammen, um eine verantwortungsvolle Beschaffung, das Gemeinwohl und die n\u00f6tige Transparenz zu gew\u00e4hrleisten. Weltweit legen wir grossen Wert auf verantwortungsvolle Beschaffung, Produktsicherheit und das Wohlergehen unserer Mitarbeitenden. Zudem verbessern wir unsere Praktiken fortlaufend. Die Rohstoffbeschaffung nach ethischen Gesichtspunkten wird durch eine strenge \u00dcberwachung und durch dauerhafte Partnerschaften mit unseren Lieferanten gew\u00e4hrleistet.<\/p>\n\n\n\n<div class=\"wp-block-buttons is-layout-flex wp-block-buttons-is-layout-flex\">\n<div class=\"wp-block-button\"><a class=\"wp-block-button__link wp-element-button\" href=\"https:\/\/www.escentina.com\/de\/unternehmen\/nachhaltigkeit\/\">Mehr erfahren<\/a><\/div>\n<\/div>\n<\/div>\n<\/div>\n<\/div><\/section>\n","protected":false},"excerpt":{"rendered":"<p>Unser Unternehmen Unsere Mission: Die Parf\u00fcmerie auf nat\u00fcrliche Produkte ausrichten Scroll Die Parf\u00fcms von Escentina sind mehr als nur D\u00fcfte &#8211; sie repr\u00e4sentieren, wer wir sind und wof\u00fcr wir stehen. Geleitet von unserer Mission, die grenzenlosen M\u00f6glichkeiten der Natur zu entfalten und sie f\u00fcr kommende Generationen zu bewahren, streben wir danach, die transformative Kraft von D\u00fcften zu entschl\u00fcsseln&#8230;.<\/p>\n","protected":false},"author":1,"featured_media":0,"parent":0,"menu_order":0,"comment_status":"closed","ping_status":"closed","template":"","meta":{"_acf_changed":false,"_seopress_robots_primary_cat":"","_seopress_titles_title":"Die Parf\u00fcmerie auf nat\u00fcrliche Produkte ausrichten - Escentina","_seopress_titles_desc":"Geleitet von unserer Mission, die grenzenlosen M\u00f6glichkeiten der Natur zu entfalten und sie f\u00fcr kommende Generationen zu bewahren, streben wir danach, die transformative Kraft von D\u00fcften zu entschl\u00fcsseln.","_seopress_robots_index":"","footnotes":""},"class_list":["post-1656","page","type-page","status-publish","hentry"],"acf":[],"_links":{"self":[{"href":"https:\/\/www.escentina.com\/de\/wp-json\/wp\/v2\/pages\/1656","targetHints":{"allow":["GET"]}}],"collection":[{"href":"https:\/\/www.escentina.com\/de\/wp-json\/wp\/v2\/pages"}],"about":[{"href":"https:\/\/www.escentina.com\/de\/wp-json\/wp\/v2\/types\/page"}],"author":[{"embeddable":true,"href":"https:\/\/www.escentina.com\/de\/wp-json\/wp\/v2\/users\/1"}],"replies":[{"embeddable":true,"href":"https:\/\/www.escentina.com\/de\/wp-json\/wp\/v2\/comments?post=1656"}],"version-history":[{"count":11,"href":"https:\/\/www.escentina.com\/de\/wp-json\/wp\/v2\/pages\/1656\/revisions"}],"predecessor-version":[{"id":14282,"href":"https:\/\/www.escentina.com\/de\/wp-json\/wp\/v2\/pages\/1656\/revisions\/14282"}],"wp:attachment":[{"href":"https:\/\/www.escentina.com\/de\/wp-json\/wp\/v2\/media?parent=1656"}],"curies":[{"name":"wp","href":"https:\/\/api.w.org\/{rel}","templated":true}]}}