{"id":1667,"date":"2023-12-03T16:31:07","date_gmt":"2023-12-03T15:31:07","guid":{"rendered":"https:\/\/www.escentina.com\/company\/culture\/"},"modified":"2026-01-22T16:04:37","modified_gmt":"2026-01-22T15:04:37","slug":"kultur","status":"publish","type":"page","link":"https:\/\/www.escentina.com\/de\/unternehmen\/kultur\/","title":{"rendered":"Kultur"},"content":{"rendered":"\n<header class=\"wp-block-group parallax\"><div class=\"wp-block-group__inner-container is-layout-constrained wp-block-group-is-layout-constrained\">\n<h1 class=\"wp-block-heading\">Unsere Kultur<\/h1>\n\n\n\n<h2 class=\"wp-block-heading\">Nachhaltigkeit, Kreativit\u00e4t und Innovation im&nbsp;Mittelpunkt<\/h2>\n\n\n\n<p class=\"scroller\"><a href=\"#introduction\">Scroll<\/a><\/p>\n<\/div><\/header>\n\n\n\n<section class=\"wp-block-group alignwide intro\" id=\"introduction\"><div class=\"wp-block-group__inner-container is-layout-constrained wp-block-group-is-layout-constrained\">\n<p>Unsere Kultur verk\u00f6rpert unser fundamentales Selbstverst\u00e4ndnis, unsere Identit\u00e4t, unser Leitbild &#8211; unsere eigentliche Essenz. Indem wir unseren Wurzeln in der Naturparf\u00fcmerie treu bleiben und uns von unserer Mission leiten lassen,<em>&#8222;focusing perfumery around naturals&#8220;<\/em>, setzen wir uns daf\u00fcr ein, das volle Potenzial von D\u00fcften zu nutzen<strong>.<\/strong> Bei der Zukunftsplanung f\u00fcr die Parf\u00fcmindustrie stehen f\u00fcr uns Innovation und Nachhaltigkeit an erster Stelle.<\/p>\n<\/div><\/section>\n\n\n\n<section class=\"wp-block-group alignwide\"><div class=\"wp-block-group__inner-container is-layout-constrained wp-block-group-is-layout-constrained\">\n<div class=\"wp-block-columns are-vertically-aligned-center col-lg-revers is-layout-flex wp-container-core-columns-is-layout-9d6595d7 wp-block-columns-is-layout-flex\">\n<div class=\"wp-block-column is-vertically-aligned-center is-layout-flow wp-block-column-is-layout-flow\">\n<h3 class=\"wp-block-heading\">Die Parf\u00fcmerie Im Fokus Von Naturstoffe<\/h3>\n\n\n\n<p>Als Pionier auf dem Gebiet der Naturstoffe werden wir f\u00fcr unsere Kompetenz bei der Auswahl der besten \u00e4therischen \u00d6le und der Herstellung hochwertiger, nachhaltiger D\u00fcfte besonders anerkannt. Unsere Firmenkultur konzentriert sich darauf, das unendliche Potenzial nat\u00fcrlicher Inhaltsstoffe zu erschliessen und sie f\u00fcr k\u00fcnftige Generationen zu bewahren. Es geht uns nicht nur darum, unsere Erzeugnisse auszuw\u00e4hlen, zu mischen und zu verpacken, sondern auch darum, f\u00fcr unsere Kundschaft einen substanziellen Mehrwert zu schaffen, durch ihre Produkte Emotionen zu wecken und die Verbindung der Parf\u00fcmbranche mit ihren nat\u00fcrlichen Ressourcen neu zu gestalten.<\/p>\n\n\n\n<div class=\"wp-block-buttons is-layout-flex wp-block-buttons-is-layout-flex\">\n<div class=\"wp-block-button\"><a class=\"wp-block-button__link wp-element-button\" href=\"https:\/\/www.escentina.com\/de\/zertificates\/\">Unsere Zertifikate<\/a><\/div>\n<\/div>\n<\/div>\n\n\n\n<div class=\"wp-block-column is-vertically-aligned-center is-layout-flow wp-block-column-is-layout-flow\">\n<figure class=\"wp-block-image size-medium\"><img alt=\"\" loading=\"lazy\" decoding=\"async\" width=\"630\" height=\"630\" src=\"https:\/\/www.escentina.com\/wp-content\/uploads\/2023\/12\/Focusing-perfumery-around-naturals-WEB-min-630x630.jpg\" alt=\"\" class=\"wp-image-142\" srcset=\"https:\/\/www.escentina.com\/wp-content\/uploads\/2023\/12\/Focusing-perfumery-around-naturals-WEB-min-630x630.jpg 630w, https:\/\/www.escentina.com\/wp-content\/uploads\/2023\/12\/Focusing-perfumery-around-naturals-WEB-min-300x300.jpg 300w, https:\/\/www.escentina.com\/wp-content\/uploads\/2023\/12\/Focusing-perfumery-around-naturals-WEB-min-768x768.jpg 768w, https:\/\/www.escentina.com\/wp-content\/uploads\/2023\/12\/Focusing-perfumery-around-naturals-WEB-min.jpg 1200w\" sizes=\"auto, (max-width: 630px) 100vw, 630px\" \/><\/figure>\n<\/div>\n<\/div>\n\n\n\n<div class=\"wp-block-columns are-vertically-aligned-center is-layout-flex wp-container-core-columns-is-layout-9d6595d7 wp-block-columns-is-layout-flex\">\n<div class=\"wp-block-column is-vertically-aligned-center is-layout-flow wp-block-column-is-layout-flow\">\n<figure class=\"wp-block-image size-medium\"><img alt=\"\" loading=\"lazy\" decoding=\"async\" width=\"630\" height=\"630\" src=\"https:\/\/www.escentina.com\/wp-content\/uploads\/2024\/02\/Empowering-well-being-and-sustainability-630x630.jpg\" alt=\"\" class=\"wp-image-4994\" srcset=\"https:\/\/www.escentina.com\/wp-content\/uploads\/2024\/02\/Empowering-well-being-and-sustainability-630x630.jpg 630w, https:\/\/www.escentina.com\/wp-content\/uploads\/2024\/02\/Empowering-well-being-and-sustainability-300x300.jpg 300w, https:\/\/www.escentina.com\/wp-content\/uploads\/2024\/02\/Empowering-well-being-and-sustainability-768x768.jpg 768w, https:\/\/www.escentina.com\/wp-content\/uploads\/2024\/02\/Empowering-well-being-and-sustainability.jpg 1200w\" sizes=\"auto, (max-width: 630px) 100vw, 630px\" \/><\/figure>\n<\/div>\n\n\n\n<div class=\"wp-block-column is-vertically-aligned-center is-layout-flow wp-block-column-is-layout-flow\">\n<h3 class=\"wp-block-heading\">F\u00f6rderung Von Wohlbefinden Und Nachhaltigkeit<\/h3>\n\n\n\n<p>Unser Erfolg ist untrennbar mit dem Wohlbefinden unserer Kundschaft und der Umwelt verbunden. Wir verpflichten uns zur Einhaltung h\u00f6chster ethischer Standards, zur Umsetzung nachhaltiger Verfahrensweisen und zur aktiven Unterst\u00fctzung lokaler Gemeinschaften. Unsere Qualit\u00e4tsstandards zeigen sich in unserer Verantwortung, den Erhalt und die Verbesserung unserer Umwelt zu f\u00f6rdern. Dies spornt uns an, den Branchentrends immer einen Schritt voraus zu sein, Spitzentechnologien zu nutzen und die neueste Forschung zu nat\u00fcrlichen Inhaltsstoffen zu ber\u00fccksichtigen. Wir bringen das Streben nach Qualit\u00e4t mit unseren Bem\u00fchungen in Einklang, die negativen Auswirkungen auf die Umwelt durch kontinuierliche Prozessoptimierung zu minimieren.<\/p>\n\n\n\n<div class=\"wp-block-buttons is-layout-flex wp-block-buttons-is-layout-flex\">\n<div class=\"wp-block-button\"><a class=\"wp-block-button__link wp-element-button\" href=\"https:\/\/www.escentina.com\/de\/unternehmen\/nachhaltigkeit\/\">Unsere Nachhaltigkeitsinitiativen<\/a><\/div>\n<\/div>\n<\/div>\n<\/div>\n<\/div><\/section>\n\n\n\n<div class=\"wp-block-cover alignfull bigquote\"><img alt=\"\" loading=\"lazy\" decoding=\"async\" width=\"2000\" height=\"868\" class=\"wp-block-cover__image-background wp-image-145\" alt=\"\" src=\"https:\/\/www.escentina.com\/wp-content\/uploads\/2023\/12\/Quote-Page-Culture-min.jpg\" data-object-fit=\"cover\" srcset=\"https:\/\/www.escentina.com\/wp-content\/uploads\/2023\/12\/Quote-Page-Culture-min.jpg 2000w, https:\/\/www.escentina.com\/wp-content\/uploads\/2023\/12\/Quote-Page-Culture-min-630x273.jpg 630w, https:\/\/www.escentina.com\/wp-content\/uploads\/2023\/12\/Quote-Page-Culture-min-1200x521.jpg 1200w, https:\/\/www.escentina.com\/wp-content\/uploads\/2023\/12\/Quote-Page-Culture-min-768x333.jpg 768w, https:\/\/www.escentina.com\/wp-content\/uploads\/2023\/12\/Quote-Page-Culture-min-1536x667.jpg 1536w\" sizes=\"auto, (max-width: 2000px) 100vw, 2000px\" \/><span aria-hidden=\"true\" class=\"wp-block-cover__background has-background-dim-0 has-background-dim\"><\/span><div class=\"wp-block-cover__inner-container is-layout-constrained wp-block-cover-is-layout-constrained\">\n<div class=\"wp-block-group alignwide\"><div class=\"wp-block-group__inner-container is-layout-constrained wp-block-group-is-layout-constrained\">\n<blockquote class=\"wp-block-quote is-layout-flow wp-block-quote-is-layout-flow\">\n<p><strong>Wir sind \u00fcberzeugt, dass D\u00fcfte inspirieren, fesseln und begeistern k\u00f6nnen. Unsere D\u00fcfte spiegeln die Reinheit der Natur wider und stehen f\u00fcr unser Engagement f\u00fcr eine verantwortungsvolle Zukunft.<\/strong><\/p>\n<\/blockquote>\n<\/div><\/div>\n<\/div><\/div>\n\n\n\n<section class=\"wp-block-group alignwide\"><div class=\"wp-block-group__inner-container is-layout-constrained wp-block-group-is-layout-constrained\">\n<div class=\"wp-block-columns are-vertically-aligned-center is-layout-flex wp-container-core-columns-is-layout-9d6595d7 wp-block-columns-is-layout-flex\">\n<div class=\"wp-block-column is-vertically-aligned-center is-layout-flow wp-block-column-is-layout-flow\">\n<h3 class=\"wp-block-heading\">F\u00f6rderung Von Innovationen Und Zusammenarbeit<\/h3>\n\n\n\n<p>Wir sind davon \u00fcberzeugt, dass wir in unserem gesamten Unternehmen nachhaltige Verfahren anwenden, angefangen bei der Auswahl geeigneter Zulieferer, die unsere Werte teilen, bis hin zur kontinuierlichen Suche nach innovativen M\u00f6glichkeiten zur Verringerung von Umweltbelastungen. Unsere Fortschritte bei der Erreichung dieses Ziels beruhen auf der Kreativit\u00e4t, dem Fachwissen und dem unerm\u00fcdlichen Einsatz unseres Teams. Indem wir ihre besonderen Talente anerkennen, f\u00f6rdern wir eine Kultur der kontinuierlichen Innovation und Verbesserung in einem integrativen und kooperativen Umfeld.<\/p>\n\n\n\n<div class=\"wp-block-buttons is-layout-flex wp-block-buttons-is-layout-flex\">\n<div class=\"wp-block-button\"><a class=\"wp-block-button__link wp-element-button\" href=\"https:\/\/www.escentina.com\/de\/karriere\/unser-metier\/\">Unsere M\u00e9tiers<\/a><\/div>\n<\/div>\n<\/div>\n\n\n\n<div class=\"wp-block-column is-vertically-aligned-center is-layout-flow wp-block-column-is-layout-flow\">\n<figure class=\"wp-block-image size-medium\"><img alt=\"\" loading=\"lazy\" decoding=\"async\" width=\"630\" height=\"630\" src=\"https:\/\/www.escentina.com\/wp-content\/uploads\/2024\/09\/Fostering-innovation-and-collaboration-630x630.jpg\" alt=\"\" class=\"wp-image-8701\" srcset=\"https:\/\/www.escentina.com\/wp-content\/uploads\/2024\/09\/Fostering-innovation-and-collaboration-630x630.jpg 630w, https:\/\/www.escentina.com\/wp-content\/uploads\/2024\/09\/Fostering-innovation-and-collaboration-1200x1200.jpg 1200w, https:\/\/www.escentina.com\/wp-content\/uploads\/2024\/09\/Fostering-innovation-and-collaboration-300x300.jpg 300w, https:\/\/www.escentina.com\/wp-content\/uploads\/2024\/09\/Fostering-innovation-and-collaboration-768x768.jpg 768w, https:\/\/www.escentina.com\/wp-content\/uploads\/2024\/09\/Fostering-innovation-and-collaboration.jpg 1500w\" sizes=\"auto, (max-width: 630px) 100vw, 630px\" \/><\/figure>\n<\/div>\n<\/div>\n<\/div><\/section>\n\n\n\n<section class=\"wp-block-group alignwide related-faqs\"><div class=\"wp-block-group__inner-container is-layout-constrained wp-block-group-is-layout-constrained\">\n<h3 class=\"wp-block-heading has-text-align-center\">F&amp;A<\/h3>\n\n\n        <div class=\"collapse container-md\">\r\n            <ul>\r\n                                    <div class=\"collapse-item\">\r\n                        <div class=\"collapse-header\">Welche Art von D\u00fcften stellen Sie her?<\/div>\r\n                        <div class=\"collapse-content\">\r\n                            <div class=\"entry-content\">\r\n                                \n<p>Wir bei Escentina sind der Meinung, dass sowohl nat\u00fcrliche als auch synthetische D\u00fcfte eine besondere Rolle in der Parf\u00fcmindustrie spielen. Deshalb ist es unser Ziel, unserer Kundschaft das Beste aus beiden Welten zu bieten. Dank unseres umfassenden Fachwissens und unserer Passion f\u00fcr <a href=\"https:\/\/www.escentina.com\/de\/unsere-duefte\/natural-fragrance-line-truescent\/\" target=\"_blank\" rel=\"noreferrer noopener\">Naturparf\u00fcmerie<\/a> haben wir uns eine f\u00fchrende Position in der Branche erarbeitet. Unser Angebot umfasst 15 Duftfamilien und eine breite Palette von Einsatzm\u00f6glichkeiten in den Bereichen K\u00f6rperpflege, Haushalt und Fine Fragrance. Unser unerm\u00fcdliches Engagement f\u00fcr Qualit\u00e4t und Konformit\u00e4t bedeutet, dass alle unsere D\u00fcfte den <a title=\"IFRA ist die International Fragrance Association, ein global aktiver Interessensverband der Parfumindustrie, der weltweite Standards f\u00fcr die sichere Verwendung von Duftstoffen in Konsumg\u00fctern festlegt. Die IFRA-Standards werden auf der Grundlage wissenschaftlicher Forschung und Risikobewertungen entwickelt und legen H\u00f6chstkonzentrationen von Duftstoffen in verschiedenen Produkten fest. Die IFRA bietet Beratung und Unterst\u00fctzung in den Bereichen Duftsicherheit, Nachhaltigkeit und Einhaltung gesetzlicher Vorschriften, um zu gew\u00e4hrleisten, dass die Verbraucher Duftstoffe sicher und langfristig geniessen k\u00f6nnen.\" href=\"#\">IFRA<\/a>-Richtlinien entsprechen und so konzipiert sind, dass sie sich f\u00fcr die vorgesehenen Anwendungen aussergew\u00f6hnlich gut eignen Dieses Engagement gew\u00e4hrleistet, dass unsere Kundschaft Zugriff auf eine breite Auswahl an Optionen hat und gleichzeitig sicher sein kann, dass sie Produkte von bester Qualit\u00e4t erhalten.<\/p>\n\r\n                                    <div class=\"faq-vote-buttons\">\r\n                                        <p>Did you find this answer helpful?<\/p>\r\n                                        <button class=\"faq-vote-button faq-vote-button-yes icon-thumbs-up\" data-post-id=\"1721\" data-vote-type=\"yes\"><\/button><button class=\"faq-vote-button faq-vote-button-no icon-thumbs-down\" data-post-id=\"1721\" data-vote-type=\"no\"><\/button>\r\n                                    <\/div>                            <\/div>\r\n                        <\/div>\r\n                    <\/div>\r\n                                    <div class=\"collapse-item\">\r\n                        <div class=\"collapse-header\">Woher stammen Ihre nat\u00fcrlichen Inhaltsstoffe?\u00a0<\/div>\r\n                        <div class=\"collapse-content\">\r\n                            <div class=\"entry-content\">\r\n                                <p>Escentina bezieht weltweit nachhaltig angebaute, qualitativ hochwertige Inhaltsstoffe und stellt die Einhaltung ethischer Grunds\u00e4tze innerhalb der Lieferkette sicher. Wir legen grossen Wert auf den Schutz der Umwelt und unterst\u00fctzen lokale Gemeinschaften, um eine nachhaltige und verantwortungsvolle Zukunft zu gew\u00e4hrleisten.<\/p>\n\r\n                                    <div class=\"faq-vote-buttons\">\r\n                                        <p>Did you find this answer helpful?<\/p>\r\n                                        <button class=\"faq-vote-button faq-vote-button-yes icon-thumbs-up\" data-post-id=\"1738\" data-vote-type=\"yes\"><\/button><button class=\"faq-vote-button faq-vote-button-no icon-thumbs-down\" data-post-id=\"1738\" data-vote-type=\"no\"><\/button>\r\n                                    <\/div>                            <\/div>\r\n                        <\/div>\r\n                    <\/div>\r\n                                    <div class=\"collapse-item\">\r\n                        <div class=\"collapse-header\">Woher kommen Ihre \u00e4therischen \u00d6le?\u00a0<\/div>\r\n                        <div class=\"collapse-content\">\r\n                            <div class=\"entry-content\">\r\n                                <p>Escentina bezieht nachhaltige, qualitativ hochwertige <a href=\"https:\/\/www.escentina.com\/de\/unsere-rohstoffe\/aetherische-oele\/\" target=\"_blank\" rel=\"noopener\">\u00e4therischen \u00d6le<\/a> aus aller Welt und achtet innerhalb der Lieferketten auf R\u00fcckverfolgbarkeit und ethische Praktiken. Wir legen Wert auf den Schutz der Umwelt und unterst\u00fctzen lokale Gemeinschaften, um eine nachhaltige und verantwortungsvolle Zukunft zu gew\u00e4hrleisten. Wir stellen unsere \u00e4therischen \u00d6le nicht selbst her. Stattdessen w\u00e4hlen wir sorgf\u00e4ltig \u00d6le aus, die von qualifizierten Lieferanten fachm\u00e4nnisch hergestellt wurden.<\/p>\n<p>Unsere Beschaffung erfolgt zu 95 % bei ungef\u00e4hr zehn Hauptlieferanten, mit denen wir im Durchschnitt seit mehr als 20 Jahren zusammenarbeiten (mit einigen sogar seit der Gr\u00fcndung des Unternehmens im Jahr 1949). Trotzdem \u00fcberpr\u00fcfen und bewerten wir unsere Lieferanten j\u00e4hrlich, um hohe Standards zu gew\u00e4hrleisten. Durch die Zusammenarbeit mit gleichgesinnten Lieferanten k\u00f6nnen wir sicher sein, dass die von uns angebotenen \u00d6le nicht nur von hoher Qualit\u00e4t sind, sondern auch ethisch und \u00f6kologisch verantwortungsvoll produziert wurden.<\/p>\n\r\n                                    <div class=\"faq-vote-buttons\">\r\n                                        <p>Did you find this answer helpful?<\/p>\r\n                                        <button class=\"faq-vote-button faq-vote-button-yes icon-thumbs-up\" data-post-id=\"1748\" data-vote-type=\"yes\"><\/button><button class=\"faq-vote-button faq-vote-button-no icon-thumbs-down\" data-post-id=\"1748\" data-vote-type=\"no\"><\/button>\r\n                                    <\/div>                            <\/div>\r\n                        <\/div>\r\n                    <\/div>\r\n                            <\/ul>\r\n        <\/div>\r\n        \n\n\n\n<div class=\"wp-block-buttons is-content-justification-center is-layout-flex wp-container-core-buttons-is-layout-16018d1d wp-block-buttons-is-layout-flex\">\n<div class=\"wp-block-button\"><a class=\"wp-block-button__link wp-element-button\" href=\"https:\/\/www.escentina.com\/de\/faq\/\">Mehr Sehen<\/a><\/div>\n<\/div>\n<\/div><\/section>\n\n\n\n<section class=\"wp-block-group related-pages\"><div class=\"wp-block-group__inner-container is-layout-constrained wp-block-group-is-layout-constrained\">\n<h3 class=\"wp-block-heading has-text-align-center\">Weitere Informationen<\/h3>\n\n\n<div class=\"related-pages-wrapper container\"><ul class=\"row justify-content-center\"><li class=\"col-md-4\"><figure class=\"thumbnail\"><a href=\"https:\/\/www.escentina.com\/de\/unternehmen\/geschichte\/\"><img loading=\"lazy\" decoding=\"async\" width=\"300\" height=\"300\" src=\"https:\/\/www.escentina.com\/wp-content\/uploads\/2023\/12\/Escentina-Heritage-min-300x300.jpg\" class=\"attachment-thumbnail size-thumbnail wp-post-image\" alt=\"Escentina&#039;s heritage\" srcset=\"https:\/\/www.escentina.com\/wp-content\/uploads\/2023\/12\/Escentina-Heritage-min-300x300.jpg 300w, https:\/\/www.escentina.com\/wp-content\/uploads\/2023\/12\/Escentina-Heritage-min-630x630.jpg 630w, https:\/\/www.escentina.com\/wp-content\/uploads\/2023\/12\/Escentina-Heritage-min-768x768.jpg 768w, https:\/\/www.escentina.com\/wp-content\/uploads\/2023\/12\/Escentina-Heritage-min.jpg 1200w\" sizes=\"auto, (max-width: 300px) 100vw, 300px\" \/><\/a><\/figure><h4 class=\"page-title\"><a href=\"https:\/\/www.escentina.com\/de\/unternehmen\/geschichte\/\">Geschichte<\/a><\/h4><\/li><li class=\"col-md-4\"><figure class=\"thumbnail\"><a href=\"https:\/\/www.escentina.com\/de\/unternehmen\/expertise\/\"><img loading=\"lazy\" decoding=\"async\" width=\"300\" height=\"300\" src=\"https:\/\/www.escentina.com\/wp-content\/uploads\/2023\/12\/Escentina-Expertise-min-300x300.jpg\" class=\"attachment-thumbnail size-thumbnail wp-post-image\" alt=\"Escentina&#039;s fragrance expertise\" srcset=\"https:\/\/www.escentina.com\/wp-content\/uploads\/2023\/12\/Escentina-Expertise-min-300x300.jpg 300w, https:\/\/www.escentina.com\/wp-content\/uploads\/2023\/12\/Escentina-Expertise-min-630x630.jpg 630w, https:\/\/www.escentina.com\/wp-content\/uploads\/2023\/12\/Escentina-Expertise-min-768x768.jpg 768w, https:\/\/www.escentina.com\/wp-content\/uploads\/2023\/12\/Escentina-Expertise-min.jpg 1200w\" sizes=\"auto, (max-width: 300px) 100vw, 300px\" \/><\/a><\/figure><h4 class=\"page-title\"><a href=\"https:\/\/www.escentina.com\/de\/unternehmen\/expertise\/\">Expertise<\/a><\/h4><\/li><li class=\"col-md-4\"><figure class=\"thumbnail\"><a href=\"https:\/\/www.escentina.com\/de\/unternehmen\/nachhaltigkeit\/\"><img loading=\"lazy\" decoding=\"async\" width=\"300\" height=\"300\" src=\"https:\/\/www.escentina.com\/wp-content\/uploads\/2023\/12\/Escentina-Sustainability-min-300x300.jpg\" class=\"attachment-thumbnail size-thumbnail wp-post-image\" alt=\"Escentina&#039;s Sustainability Initiatives\" srcset=\"https:\/\/www.escentina.com\/wp-content\/uploads\/2023\/12\/Escentina-Sustainability-min-300x300.jpg 300w, https:\/\/www.escentina.com\/wp-content\/uploads\/2023\/12\/Escentina-Sustainability-min-630x630.jpg 630w, https:\/\/www.escentina.com\/wp-content\/uploads\/2023\/12\/Escentina-Sustainability-min-768x768.jpg 768w, https:\/\/www.escentina.com\/wp-content\/uploads\/2023\/12\/Escentina-Sustainability-min.jpg 1200w\" sizes=\"auto, (max-width: 300px) 100vw, 300px\" \/><\/a><\/figure><h4 class=\"page-title\"><a href=\"https:\/\/www.escentina.com\/de\/unternehmen\/nachhaltigkeit\/\">Nachhaltigkeit<\/a><\/h4><\/li><\/ul><\/div>\n<\/div><\/section>\n","protected":false},"excerpt":{"rendered":"<p>Unsere Kultur Nachhaltigkeit, Kreativit\u00e4t und Innovation im&nbsp;Mittelpunkt Scroll Unsere Kultur verk\u00f6rpert unser fundamentales Selbstverst\u00e4ndnis, unsere Identit\u00e4t, unser Leitbild &#8211; unsere eigentliche Essenz. Indem wir unseren Wurzeln in der Naturparf\u00fcmerie treu bleiben und uns von unserer Mission leiten lassen,&#8222;focusing perfumery around naturals&#8220;, setzen wir uns daf\u00fcr ein, das volle Potenzial von D\u00fcften zu nutzen. Bei der Zukunftsplanung f\u00fcr die&#8230;<\/p>\n","protected":false},"author":1,"featured_media":1513,"parent":1656,"menu_order":0,"comment_status":"closed","ping_status":"closed","template":"","meta":{"_acf_changed":false,"_seopress_robots_primary_cat":"","_seopress_titles_title":"Nachhaltigkeit, Kreativit\u00e4t und Innovation im Mittelpunkt - Escentina","_seopress_titles_desc":"Indem wir unseren Wurzeln in der Naturparf\u00fcmerie treu bleiben und uns von unserer Mission leiten lassen,\u201efocusing perfumery around naturals\u201c, setzen wir uns daf\u00fcr ein, das volle Potenzial von D\u00fcften zu nutzen. Bei der Zukunftsplanung f\u00fcr die Parf\u00fcmindustrie stehen f\u00fcr uns Innovation und Nachhaltigkeit an erster Stelle.","_seopress_robots_index":"","footnotes":""},"class_list":["post-1667","page","type-page","status-publish","has-post-thumbnail","hentry"],"acf":[],"_links":{"self":[{"href":"https:\/\/www.escentina.com\/de\/wp-json\/wp\/v2\/pages\/1667","targetHints":{"allow":["GET"]}}],"collection":[{"href":"https:\/\/www.escentina.com\/de\/wp-json\/wp\/v2\/pages"}],"about":[{"href":"https:\/\/www.escentina.com\/de\/wp-json\/wp\/v2\/types\/page"}],"author":[{"embeddable":true,"href":"https:\/\/www.escentina.com\/de\/wp-json\/wp\/v2\/users\/1"}],"replies":[{"embeddable":true,"href":"https:\/\/www.escentina.com\/de\/wp-json\/wp\/v2\/comments?post=1667"}],"version-history":[{"count":3,"href":"https:\/\/www.escentina.com\/de\/wp-json\/wp\/v2\/pages\/1667\/revisions"}],"predecessor-version":[{"id":14293,"href":"https:\/\/www.escentina.com\/de\/wp-json\/wp\/v2\/pages\/1667\/revisions\/14293"}],"up":[{"embeddable":true,"href":"https:\/\/www.escentina.com\/de\/wp-json\/wp\/v2\/pages\/1656"}],"wp:featuredmedia":[{"embeddable":true,"href":"https:\/\/www.escentina.com\/de\/wp-json\/wp\/v2\/media\/1513"}],"wp:attachment":[{"href":"https:\/\/www.escentina.com\/de\/wp-json\/wp\/v2\/media?parent=1667"}],"curies":[{"name":"wp","href":"https:\/\/api.w.org\/{rel}","templated":true}]}}