{"id":1673,"date":"2023-12-07T18:56:34","date_gmt":"2023-12-07T17:56:34","guid":{"rendered":"https:\/\/www.escentina.com\/careers\/"},"modified":"2025-07-22T17:13:32","modified_gmt":"2025-07-22T15:13:32","slug":"karriere","status":"publish","type":"page","link":"https:\/\/www.escentina.com\/de\/karriere\/","title":{"rendered":"Karriere"},"content":{"rendered":"\n<header class=\"wp-block-group\"><div class=\"wp-block-group__inner-container is-layout-constrained wp-block-group-is-layout-constrained\">\n<h1 class=\"wp-block-heading\">Karriere Bei Uns<\/h1>\n\n\n\n<h2 class=\"wp-block-heading\">Verbindungen und Wirkung durch&nbsp;D\u00fcfte&nbsp;schaffen<\/h2>\n\n\n\n<p class=\"scroller\"><a href=\"#introduction\">Scroll<\/a><\/p>\n<\/div><\/header>\n\n\n\n<section class=\"wp-block-group alignwide intro\" id=\"introduction\"><div class=\"wp-block-group__inner-container is-layout-constrained wp-block-group-is-layout-constrained\">\n<p>\u201eKarriere bei Escentina\u201c ist ein Bereich, in dem D\u00fcfte nicht nur D\u00fcfte sind, sondern Erz\u00e4hlungen von unseren Mitarbeitenden, die Assoziationen schaffen und bleibende Eindr\u00fccke hinterlassen. Unser Team verk\u00f6rpert unsere Werte wie Verantwortung, Authentizit\u00e4t und Exzellenz, die von Kreativit\u00e4t, kompromissloser Qualit\u00e4t und gemeinschaftlicher Anstrengung leben. Gemeinsam pflegen wir eine integrative Unternehmenskultur und bieten viele M\u00f6glichkeiten, die mit den Grundwerten unseres Gesch\u00e4fts im Einklang stehen.<\/p>\n<\/div><\/section>\n\n\n\n<section class=\"wp-block-group alignwide\"><div class=\"wp-block-group__inner-container is-layout-constrained wp-block-group-is-layout-constrained\">\n<div class=\"wp-block-columns are-vertically-aligned-center is-layout-flex wp-container-core-columns-is-layout-9d6595d7 wp-block-columns-is-layout-flex\">\n<div class=\"wp-block-column is-vertically-aligned-center is-layout-flow wp-block-column-is-layout-flow\">\n<h3 class=\"wp-block-heading\">Entdecken Sie Unser M\u00e9tier<\/h3>\n\n\n\n<p>Unser M\u00e9tier bildet ein lebendiges Mosaik aus unterschiedlichen Hintergr\u00fcnden und umfassender Branchenkompetenz. Mit jedem Berufsbild bringen unsere Teammitglieder eine harmonische Symphonie von Ideen und Perspektiven ein und f\u00f6rdern so ein lebhaftes und kollaboratives Umfeld. Diese Zusammenarbeit erm\u00f6glicht es uns, die vielf\u00e4ltigen Herausforderungen und Chancen der Duftstoffindustrie effektiv zu meistern und innovative L\u00f6sungen zu entwickeln. Mit dieser tiefen Wertsch\u00e4tzung begr\u00fcssen wir die Verschmelzung aller Aufgabenbereiche und erkennen sie als das R\u00fcckgrat unserer bemerkenswerten Leistungen an.<\/p>\n\n\n\n<div class=\"wp-block-buttons is-layout-flex wp-block-buttons-is-layout-flex\">\n<div class=\"wp-block-button\"><a class=\"wp-block-button__link wp-element-button\" href=\"https:\/\/www.escentina.com\/de\/karriere\/unser-metier\/\">Mehr Erfahren<\/a><\/div>\n<\/div>\n<\/div>\n\n\n\n<div class=\"wp-block-column is-vertically-aligned-center is-layout-flow wp-block-column-is-layout-flow\">\n<figure class=\"wp-block-image size-medium\"><img alt=\"\" loading=\"lazy\" decoding=\"async\" width=\"630\" height=\"630\" src=\"https:\/\/www.escentina.com\/wp-content\/uploads\/2023\/12\/Escentina-Discover-our-metiers-min-630x630.jpg\" alt=\"\" class=\"wp-image-646\" srcset=\"https:\/\/www.escentina.com\/wp-content\/uploads\/2023\/12\/Escentina-Discover-our-metiers-min-630x630.jpg 630w, https:\/\/www.escentina.com\/wp-content\/uploads\/2023\/12\/Escentina-Discover-our-metiers-min-300x300.jpg 300w, https:\/\/www.escentina.com\/wp-content\/uploads\/2023\/12\/Escentina-Discover-our-metiers-min-768x768.jpg 768w, https:\/\/www.escentina.com\/wp-content\/uploads\/2023\/12\/Escentina-Discover-our-metiers-min.jpg 1080w\" sizes=\"auto, (max-width: 630px) 100vw, 630px\" \/><\/figure>\n<\/div>\n<\/div>\n\n\n\n<div class=\"wp-block-columns are-vertically-aligned-center is-layout-flex wp-container-core-columns-is-layout-9d6595d7 wp-block-columns-is-layout-flex\">\n<div class=\"wp-block-column is-vertically-aligned-center is-layout-flow wp-block-column-is-layout-flow\">\n<figure class=\"wp-block-image size-medium\"><img alt=\"\" loading=\"lazy\" decoding=\"async\" width=\"630\" height=\"630\" src=\"https:\/\/www.escentina.com\/wp-content\/uploads\/2024\/02\/Get-inspired-by-our-experts-V3-WEB-min-630x630.jpg\" alt=\"\" class=\"wp-image-3217\" style=\"object-fit:cover\" srcset=\"https:\/\/www.escentina.com\/wp-content\/uploads\/2024\/02\/Get-inspired-by-our-experts-V3-WEB-min-630x630.jpg 630w, https:\/\/www.escentina.com\/wp-content\/uploads\/2024\/02\/Get-inspired-by-our-experts-V3-WEB-min-300x300.jpg 300w, https:\/\/www.escentina.com\/wp-content\/uploads\/2024\/02\/Get-inspired-by-our-experts-V3-WEB-min-768x768.jpg 768w, https:\/\/www.escentina.com\/wp-content\/uploads\/2024\/02\/Get-inspired-by-our-experts-V3-WEB-min.jpg 1200w\" sizes=\"auto, (max-width: 630px) 100vw, 630px\" \/><\/figure>\n<\/div>\n\n\n\n<div class=\"wp-block-column is-vertically-aligned-center is-layout-flow wp-block-column-is-layout-flow\">\n<h3 class=\"wp-block-heading\">Lassen Sie sich von Unseren Fachleuten begeistern<\/h3>\n\n\n\n<p>Lassen Sie sich von den Einblicken unserer Fachleute in die Welt von Escentina inspirieren. Diese Geschichten bieten einen Einblick in das dynamische und unterst\u00fctzende Arbeitsumfeld, das unser Wesen ausmacht. Unsere Fachleute lassen Sie an ihren pers\u00f6nlichen Erfahrungen und Erkenntnissen teilhaben und geben Ihnen so einen Einblick in das Leben innerhalb Escentinas lebendigen Gemeinschaft. Wenn Sie sich in ihre Erz\u00e4hlungen hineinversetzen, werden Sie die Werte entdecken, die unsere Unternehmenskultur pr\u00e4gen, den Geist der Zusammenarbeit, der uns verbindet, und das einzigartige Know-how, das unsere aussergew\u00f6hnliche Identit\u00e4t ausmacht.<\/p>\n\n\n\n<div class=\"wp-block-buttons is-layout-flex wp-block-buttons-is-layout-flex\">\n<div class=\"wp-block-button\"><a class=\"wp-block-button__link wp-element-button\" href=\"https:\/\/www.escentina.com\/de\/karriere\/unsere-fachleute\/\">Mehr Erfahren<\/a><\/div>\n<\/div>\n<\/div>\n<\/div>\n\n\n\n<div class=\"wp-block-columns are-vertically-aligned-center is-layout-flex wp-container-core-columns-is-layout-9d6595d7 wp-block-columns-is-layout-flex\">\n<div class=\"wp-block-column is-vertically-aligned-center is-layout-flow wp-block-column-is-layout-flow\">\n<h3 class=\"wp-block-heading\">Treffen Sie Unser Team<\/h3>\n\n\n\n<p>Sie sind die Gesichter, die hinter dem Unternehmen Escentina stehen; das Herz von Escentina, das unsere bemerkenswerte Erfolgsgeschichte durch die vielf\u00e4ltigen und talentierten Personen, die unser Team bilden, zum Leben erweckt. Jedes Teammitglied bringt ihr \/ sein Fachwissen, ihre \/ seine Leidenschaft und ihre \/ seine einzigartige Sichtweise ein und bildet so ein Mosaik aus Kreativit\u00e4t, Innovation und Hingabe. Lernen Sie unsere Teammitglieder kennen, welche hinter den D\u00fcften stehen. Wir stellen Ihnen die Menschen vor, die das Herz von Escentina ausmachen und unser Engagement f\u00fcr hervorragende Leistungen f\u00f6rdern.<\/p>\n\n\n\n<div class=\"wp-block-buttons is-layout-flex wp-block-buttons-is-layout-flex\">\n<div class=\"wp-block-button\"><a class=\"wp-block-button__link wp-element-button\" href=\"https:\/\/www.escentina.com\/de\/karriere\/unser-team\/\">Mehr Erfahren<\/a><\/div>\n<\/div>\n<\/div>\n\n\n\n<div class=\"wp-block-column is-vertically-aligned-center is-layout-flow wp-block-column-is-layout-flow\">\n<figure class=\"wp-block-image size-medium\"><img alt=\"\" loading=\"lazy\" decoding=\"async\" width=\"630\" height=\"630\" src=\"https:\/\/www.escentina.com\/wp-content\/uploads\/2025\/01\/DSC01345-mod-dec24-V3-carre-WEB-630x630.jpg\" alt=\"\" class=\"wp-image-12896\" srcset=\"https:\/\/www.escentina.com\/wp-content\/uploads\/2025\/01\/DSC01345-mod-dec24-V3-carre-WEB-630x630.jpg 630w, https:\/\/www.escentina.com\/wp-content\/uploads\/2025\/01\/DSC01345-mod-dec24-V3-carre-WEB-1200x1200.jpg 1200w, https:\/\/www.escentina.com\/wp-content\/uploads\/2025\/01\/DSC01345-mod-dec24-V3-carre-WEB-300x300.jpg 300w, https:\/\/www.escentina.com\/wp-content\/uploads\/2025\/01\/DSC01345-mod-dec24-V3-carre-WEB-768x768.jpg 768w, https:\/\/www.escentina.com\/wp-content\/uploads\/2025\/01\/DSC01345-mod-dec24-V3-carre-WEB.jpg 1500w\" sizes=\"auto, (max-width: 630px) 100vw, 630px\" \/><\/figure>\n<\/div>\n<\/div>\n\n\n\n<div class=\"wp-block-columns are-vertically-aligned-center is-layout-flex wp-container-core-columns-is-layout-9d6595d7 wp-block-columns-is-layout-flex\">\n<div class=\"wp-block-column is-vertically-aligned-center is-layout-flow wp-block-column-is-layout-flow\">\n<figure class=\"wp-block-image size-medium\"><img alt=\"\" loading=\"lazy\" decoding=\"async\" width=\"630\" height=\"630\" src=\"https:\/\/www.escentina.com\/wp-content\/uploads\/2023\/12\/Escentina-Join-us-min-630x630.jpg\" alt=\"\" class=\"wp-image-645\" srcset=\"https:\/\/www.escentina.com\/wp-content\/uploads\/2023\/12\/Escentina-Join-us-min-630x630.jpg 630w, https:\/\/www.escentina.com\/wp-content\/uploads\/2023\/12\/Escentina-Join-us-min-300x300.jpg 300w, https:\/\/www.escentina.com\/wp-content\/uploads\/2023\/12\/Escentina-Join-us-min-768x768.jpg 768w, https:\/\/www.escentina.com\/wp-content\/uploads\/2023\/12\/Escentina-Join-us-min.jpg 1080w\" sizes=\"auto, (max-width: 630px) 100vw, 630px\" \/><\/figure>\n<\/div>\n\n\n\n<div class=\"wp-block-column is-vertically-aligned-center is-layout-flow wp-block-column-is-layout-flow\">\n<h3 class=\"wp-block-heading\">Bewerben Sie Sich<\/h3>\n\n\n\n<p>Hier beginnt Ihre Zukunft bei Escentina. Wenn Sie sich f\u00fcr die Welt der D\u00fcfte, Innovation und Zusammenarbeit begeistern, sind Sie bei uns genau richtig. Unsere Rubrik &#8222;Kommen Sie zu uns&#8220; l\u00e4dt Sie ein, sich unserem dynamischen Team anzuschliessen, in dem sich Ihre F\u00e4higkeiten, Ihre Kreativit\u00e4t und Ihr Engagement voll entfalten k\u00f6nnen. Informieren Sie sich \u00fcber die Funktionen, die das Wesen von Escentina ausmachen, und entdecken Sie, wie Sie eine entscheidende Rolle auf unserer duftenden Reise spielen k\u00f6nnen. Oder stellen Sie sich doch einfach mit einer Initiativbewerbung vor und werden Sie ein Teil unserer sich st\u00e4ndig weiterentwickelnden Geschichte.<\/p>\n\n\n\n<div class=\"wp-block-buttons is-layout-flex wp-block-buttons-is-layout-flex\">\n<div class=\"wp-block-button\"><a class=\"wp-block-button__link wp-element-button\" href=\"https:\/\/www.escentina.com\/de\/karriere\/bewerben-sie-sich\/\">Mehr Erfahren<\/a><\/div>\n<\/div>\n<\/div>\n<\/div>\n<\/div><\/section>\n","protected":false},"excerpt":{"rendered":"<p>Karriere Bei Uns Verbindungen und Wirkung durch&nbsp;D\u00fcfte&nbsp;schaffen Scroll \u201eKarriere bei Escentina\u201c ist ein Bereich, in dem D\u00fcfte nicht nur D\u00fcfte sind, sondern Erz\u00e4hlungen von unseren Mitarbeitenden, die Assoziationen schaffen und bleibende Eindr\u00fccke hinterlassen. Unser Team verk\u00f6rpert unsere Werte wie Verantwortung, Authentizit\u00e4t und Exzellenz, die von Kreativit\u00e4t, kompromissloser Qualit\u00e4t und gemeinschaftlicher Anstrengung leben. Gemeinsam pflegen wir eine integrative Unternehmenskultur&#8230;<\/p>\n","protected":false},"author":1,"featured_media":0,"parent":0,"menu_order":0,"comment_status":"closed","ping_status":"closed","template":"","meta":{"_acf_changed":false,"_seopress_robots_primary_cat":"","_seopress_titles_title":"Verbindungen und Wirkung durch D\u00fcfte schaffen - Escentina","_seopress_titles_desc":"Unser Team verk\u00f6rpert unsere Werte wie Verantwortung, Authentizit\u00e4t und Exzellenz, die von Kreativit\u00e4t, kompromissloser Qualit\u00e4t und gemeinschaftlicher Anstrengung leben. Gemeinsam pflegen wir eine integrative Unternehmenskultur und bieten viele M\u00f6glichkeiten, die mit den Grundwerten unseres Gesch\u00e4fts im Einklang stehen.","_seopress_robots_index":"","footnotes":""},"class_list":["post-1673","page","type-page","status-publish","hentry"],"acf":[],"_links":{"self":[{"href":"https:\/\/www.escentina.com\/de\/wp-json\/wp\/v2\/pages\/1673","targetHints":{"allow":["GET"]}}],"collection":[{"href":"https:\/\/www.escentina.com\/de\/wp-json\/wp\/v2\/pages"}],"about":[{"href":"https:\/\/www.escentina.com\/de\/wp-json\/wp\/v2\/types\/page"}],"author":[{"embeddable":true,"href":"https:\/\/www.escentina.com\/de\/wp-json\/wp\/v2\/users\/1"}],"replies":[{"embeddable":true,"href":"https:\/\/www.escentina.com\/de\/wp-json\/wp\/v2\/comments?post=1673"}],"version-history":[{"count":3,"href":"https:\/\/www.escentina.com\/de\/wp-json\/wp\/v2\/pages\/1673\/revisions"}],"predecessor-version":[{"id":13512,"href":"https:\/\/www.escentina.com\/de\/wp-json\/wp\/v2\/pages\/1673\/revisions\/13512"}],"wp:attachment":[{"href":"https:\/\/www.escentina.com\/de\/wp-json\/wp\/v2\/media?parent=1673"}],"curies":[{"name":"wp","href":"https:\/\/api.w.org\/{rel}","templated":true}]}}