{"id":1688,"date":"2023-12-01T17:20:18","date_gmt":"2023-12-01T16:20:18","guid":{"rendered":"https:\/\/www.escentina.com\/fragrances\/"},"modified":"2026-01-22T16:27:26","modified_gmt":"2026-01-22T15:27:26","slug":"unsere-duefte","status":"publish","type":"page","link":"https:\/\/www.escentina.com\/de\/unsere-duefte\/","title":{"rendered":"Unsere D\u00fcfte"},"content":{"rendered":"\n<header class=\"wp-block-group\"><div class=\"wp-block-group__inner-container is-layout-constrained wp-block-group-is-layout-constrained\">\n<h1 class=\"wp-block-heading\">Unsere D\u00fcfte<\/h1>\n\n\n\n<h2 class=\"wp-block-heading\">Die Kunst der D\u00fcfte entdecken<\/h2>\n\n\n\n<p class=\"scroller\"><a href=\"#introduction\">Scroll<\/a><\/p>\n<\/div><\/header>\n\n\n\n<section class=\"wp-block-group alignwide intro\" id=\"introduction\"><div class=\"wp-block-group__inner-container is-layout-constrained wp-block-group-is-layout-constrained\">\n<p>Mit ihrer nat\u00fcrlichen F\u00e4higkeit, unsere Sinne zu fesseln und Emotionen hervorzurufen, sind D\u00fcfte eine Mischung aus Kunsthandwerk, Kreativit\u00e4t und Kompetenz. Im Bereich der Parf\u00fcmerie haben sich zwei unterschiedliche Ans\u00e4tze herausgebildet: die nat\u00fcrliche und die synthetische Duftstoffherstellung. Beide haben ihren eigenen Charme und Reiz und k\u00f6nnen beliebig mit der Welt der <a title=\"Ein massgeschneiderter Duft ist eine auf die besonderen Vorlieben und Anforderungen eines Kunden zugeschnitten Duftkreation.\" href=\"#\">massgefertigten<\/a> D\u00fcfte kombiniert werden.<\/p>\n<\/div><\/section>\n\n\n\n<section class=\"wp-block-group alignwide\"><div class=\"wp-block-group__inner-container is-layout-constrained wp-block-group-is-layout-constrained\">\n<div class=\"wp-block-columns is-layout-flex wp-container-core-columns-is-layout-9d6595d7 wp-block-columns-is-layout-flex\">\n<div class=\"wp-block-column is-vertically-aligned-center is-layout-flow wp-block-column-is-layout-flow\">\n<h3 class=\"wp-block-heading\">Naturparf\u00fcmerie &#8211; <strong><em><span style=\"text-transform:capitalize\">TrueScent<\/span><\/em><\/strong><\/h3>\n\n\n\n<p>Die Naturparf\u00fcmerie ist stark mit der Tradition und Handwerkskunst verwurzelt und macht sich die reinen Essenzen der botanischen Sch\u00e4tze zunutze. Aus dem Reichtum der Natur l\u00e4sst sich die Naturparf\u00fcmerie von einer Vielzahl von Blumen, Kr\u00e4utern, Gew\u00fcrzen und Harzen inspirieren. Mit grosser Sorgfalt verwenden Parf\u00fcmeure Extrakte, \u00e4therische \u00d6le und <a title=\"Absolues sind Duftstoffe, die durch Extraktion mit Ethanol aus einem Concrete, einem Resinoid oder einer superkritischen Fl\u00fcssigextraktion. Sie erfassen die wahre Essenz botanischer Quellen und werden f\u00fcr ihre reichhaltigen und intensiven D\u00fcfte gesch\u00e4tzt. Beispiele sind Rose, Jasmin, Lavendel und Vanille Absolues. Parf\u00fcmeure verwenden Absolues als Schl\u00fcsselzutaten, um faszinierende D\u00fcfte zu kreieren.\" href=\"#\">Absolues<\/a> und kombinieren diese sorgf\u00e4ltig, um einzigartige Dufterlebnisse zu schaffen. Die Besonderheit der Naturparf\u00fcmerie liegt in ihrer F\u00e4higkeit, D\u00fcfte zu kreieren, die die Authentizit\u00e4t und Vitalit\u00e4t der Natur widerspiegeln.<\/p>\n\n\n\n<div class=\"wp-block-buttons is-layout-flex wp-block-buttons-is-layout-flex\">\n<div class=\"wp-block-button\"><a class=\"wp-block-button__link wp-element-button\" href=\"https:\/\/www.escentina.com\/de\/unsere-duefte\/natural-fragrance-line-truescent\/\">Mehr erfahren<\/a><\/div>\n<\/div>\n<\/div>\n\n\n\n<div class=\"wp-block-column is-vertically-aligned-top is-layout-flow wp-block-column-is-layout-flow\">\n<figure class=\"wp-block-image size-medium\"><img alt=\"\" loading=\"lazy\" decoding=\"async\" width=\"630\" height=\"630\" src=\"https:\/\/www.escentina.com\/wp-content\/uploads\/2023\/12\/Escentina-Natural-fragrances-min-630x630.jpg\" alt=\"\" class=\"wp-image-177\" srcset=\"https:\/\/www.escentina.com\/wp-content\/uploads\/2023\/12\/Escentina-Natural-fragrances-min-630x630.jpg 630w, https:\/\/www.escentina.com\/wp-content\/uploads\/2023\/12\/Escentina-Natural-fragrances-min-300x300.jpg 300w, https:\/\/www.escentina.com\/wp-content\/uploads\/2023\/12\/Escentina-Natural-fragrances-min-768x768.jpg 768w, https:\/\/www.escentina.com\/wp-content\/uploads\/2023\/12\/Escentina-Natural-fragrances-min.jpg 1200w\" sizes=\"auto, (max-width: 630px) 100vw, 630px\" \/><\/figure>\n<\/div>\n<\/div>\n\n\n\n<div class=\"wp-block-columns is-layout-flex wp-container-core-columns-is-layout-9d6595d7 wp-block-columns-is-layout-flex\">\n<div class=\"wp-block-column is-vertically-aligned-top is-layout-flow wp-block-column-is-layout-flow\">\n<figure class=\"wp-block-image size-medium\"><img alt=\"\" loading=\"lazy\" decoding=\"async\" width=\"630\" height=\"630\" src=\"https:\/\/www.escentina.com\/wp-content\/uploads\/2023\/12\/Escentina-Synthetics-fragrances-min-630x630.jpg\" alt=\"\" class=\"wp-image-175\" style=\"object-fit:cover\" srcset=\"https:\/\/www.escentina.com\/wp-content\/uploads\/2023\/12\/Escentina-Synthetics-fragrances-min-630x630.jpg 630w, https:\/\/www.escentina.com\/wp-content\/uploads\/2023\/12\/Escentina-Synthetics-fragrances-min-300x300.jpg 300w, https:\/\/www.escentina.com\/wp-content\/uploads\/2023\/12\/Escentina-Synthetics-fragrances-min-768x768.jpg 768w, https:\/\/www.escentina.com\/wp-content\/uploads\/2023\/12\/Escentina-Synthetics-fragrances-min.jpg 1200w\" sizes=\"auto, (max-width: 630px) 100vw, 630px\" \/><\/figure>\n<\/div>\n\n\n\n<div class=\"wp-block-column is-vertically-aligned-center is-layout-flow wp-block-column-is-layout-flow\">\n<h3 class=\"wp-block-heading\">Synthetische Parf\u00fcmerie &#8211; <strong><em><span style=\"text-transform:capitalize\">SynScent<\/span><\/em><\/strong><\/h3>\n\n\n\n<p>Die synthetische Parf\u00fcmerie nutzt die Errungenschaften der modernen Wissenschaft und den Einfallsreichtum der Parf\u00fcmeure mit deren breiter Palette von Molek\u00fclen, von denen viele durch die Natur inspiriert wurden. Diese synthetischen Verbindungen bieten eine unglaubliche Bandbreite an M\u00f6glichkeiten, die es den Parf\u00fcmeuren erlauben, D\u00fcfte zu kreieren, die die Grenzen der Kreativit\u00e4t endlos erscheinen lassen. Die synthetische Parf\u00fcmerie erm\u00f6glicht eine pr\u00e4zise Steuerung von Duftprofilen, Langlebigkeit und Stabilit\u00e4t, welches zu gewagten und neuartigen Parf\u00fcmkreationen f\u00fchren kann.<\/p>\n\n\n\n<div class=\"wp-block-buttons is-layout-flex wp-block-buttons-is-layout-flex\">\n<div class=\"wp-block-button\"><a class=\"wp-block-button__link wp-element-button\" href=\"https:\/\/www.escentina.com\/de\/unsere-duefte\/synthetic-fragrance-line-synscent\/\">Mehr erfahren<\/a><\/div>\n<\/div>\n<\/div>\n<\/div>\n\n\n\n<div class=\"wp-block-columns is-layout-flex wp-container-core-columns-is-layout-9d6595d7 wp-block-columns-is-layout-flex\">\n<div class=\"wp-block-column is-vertically-aligned-center is-layout-flow wp-block-column-is-layout-flow\">\n<h3 class=\"wp-block-heading\">Fine Perfumery &#8211; <strong><em><span style=\"text-transform:capitalize\">FineScent<\/span><\/em><\/strong><\/h3>\n\n\n\n<p>Die B\u00fchne von Escentina ist der Bereich, in dem zwei Konzepte zusammentreffen und ineinandergreifen: Ihre Ideen und unsere Kreationen. Unsere Duftdesignenden integrieren beide Ans\u00e4tze bei der Kreation <a title=\"Ein massgeschneiderter Duft ist eine auf die besonderen Vorlieben und Anforderungen eines Kunden zugeschnitten Duftkreation.\" href=\"#\">massgeschneiderter<\/a> D\u00fcfte und Fine Fragrances f\u00fcr unsere Kundschaft, indem sie die reichhaltige Auswahl nat\u00fcrlicher Essenzen und die Pr\u00e4zision synthetischer Verbindungen nutzen. Durch eine sorgf\u00e4ltige Beratung und Analyse spiegelt jeder massgeschneiderte Duft die Individualit\u00e4t unserer Kundschaft wider und sorgt f\u00fcr ein einzigartiges und unvergessliches Dufterlebnis. Oder entdecken Sie die neue Kollektion von Escentina mit 100 % nat\u00fcrlichen Fine Fragrances, eine von Fachleuten zusammengestellte Duftsymphonie, die die Sinne stimuliert und einen bleibenden Eindruck hinterl\u00e4sst.<\/p>\n\n\n\n<div class=\"wp-block-buttons is-layout-flex wp-block-buttons-is-layout-flex\">\n<div class=\"wp-block-button\"><a class=\"wp-block-button__link wp-element-button\" href=\"https:\/\/www.escentina.com\/de\/unsere-duefte\/fine-fragrance-line-finescent\/\">Mehr erfahren<\/a><\/div>\n<\/div>\n<\/div>\n\n\n\n<div class=\"wp-block-column is-vertically-aligned-top is-layout-flow wp-block-column-is-layout-flow\">\n<figure class=\"wp-block-image size-medium\"><img alt=\"Escentina fine fragrance bottle\" loading=\"lazy\" decoding=\"async\" width=\"630\" height=\"630\" src=\"https:\/\/www.escentina.com\/wp-content\/uploads\/2023\/12\/Escentina-Fine-fragrances-min-630x630.jpg\" alt=\"\" class=\"wp-image-176\" srcset=\"https:\/\/www.escentina.com\/wp-content\/uploads\/2023\/12\/Escentina-Fine-fragrances-min-630x630.jpg 630w, https:\/\/www.escentina.com\/wp-content\/uploads\/2023\/12\/Escentina-Fine-fragrances-min-300x300.jpg 300w, https:\/\/www.escentina.com\/wp-content\/uploads\/2023\/12\/Escentina-Fine-fragrances-min-768x768.jpg 768w, https:\/\/www.escentina.com\/wp-content\/uploads\/2023\/12\/Escentina-Fine-fragrances-min.jpg 1200w\" sizes=\"auto, (max-width: 630px) 100vw, 630px\" \/><\/figure>\n<\/div>\n<\/div>\n\n\n\n<div class=\"wp-block-columns is-layout-flex wp-container-core-columns-is-layout-9d6595d7 wp-block-columns-is-layout-flex\">\n<div class=\"wp-block-column is-vertically-aligned-top is-layout-flow wp-block-column-is-layout-flow\">\n<figure class=\"wp-block-image size-medium\"><img alt=\"\" decoding=\"async\" src=\"https:\/\/www.escentina.com\/wp-content\/uploads\/2024\/02\/Escentina-Services-V4-WEB-630x630.jpg\" alt=\"\" class=\"wp-image-5250\"\/><\/figure>\n<\/div>\n\n\n\n<div class=\"wp-block-column is-vertically-aligned-center is-layout-flow wp-block-column-is-layout-flow\">\n<h3 class=\"wp-block-heading\">Ihr Duft-Projekt<\/h3>\n\n\n\n<p>Erweitern Sie Ihr sensorisches Bewusstsein mit Escentinas exklusivem &#8222;Duft-Projekt&#8220;. Tauchen Sie ein in das Reich der massgeschneiderten D\u00fcfte, in welchem Ihr olfaktorischer Wunsch zum Leben erwacht. Unser Team von engagierten Duftdesignenden leitet diese kreative Reise, D\u00fcfte zu entwickeln, welche die Identit\u00e4t unserer Kundschaft widerspiegeln. Von durch die Natur inspirierten Elementen bis hin zu innovativen synthetischen Noten, massgeschneidert f\u00fcr bestimmte Zwecke oder spezifische Anwendungen, scheint jede Duftfacette erreichbar.<\/p>\n\n\n\n<div class=\"wp-block-buttons is-layout-flex wp-block-buttons-is-layout-flex\">\n<div class=\"wp-block-button\"><a class=\"wp-block-button__link wp-element-button\" href=\"https:\/\/www.escentina.com\/de\/unsere-duefte\/duft-projekte\/\">Mehr erfahren<\/a><\/div>\n<\/div>\n<\/div>\n<\/div>\n<\/div><\/section>\n","protected":false},"excerpt":{"rendered":"<p>Unsere D\u00fcfte Die Kunst der D\u00fcfte entdecken Scroll Mit ihrer nat\u00fcrlichen F\u00e4higkeit, unsere Sinne zu fesseln und Emotionen hervorzurufen, sind D\u00fcfte eine Mischung aus Kunsthandwerk, Kreativit\u00e4t und Kompetenz. Im Bereich der Parf\u00fcmerie haben sich zwei unterschiedliche Ans\u00e4tze herausgebildet: die nat\u00fcrliche und die synthetische Duftstoffherstellung. Beide haben ihren eigenen Charme und Reiz und k\u00f6nnen beliebig mit der Welt der&#8230;<\/p>\n","protected":false},"author":1,"featured_media":0,"parent":0,"menu_order":0,"comment_status":"closed","ping_status":"closed","template":"","meta":{"_acf_changed":false,"_seopress_robots_primary_cat":"","_seopress_titles_title":"Die Kunst der D\u00fcfte entdecken - Escentina","_seopress_titles_desc":"Im Bereich der Parf\u00fcmerie haben sich zwei unterschiedliche Ans\u00e4tze herausgebildet: die nat\u00fcrliche und die synthetische Duftstoffherstellung. Beide haben ihren eigenen Charme und Reiz und k\u00f6nnen beliebig mit der Welt der massgefertigten D\u00fcfte kombiniert werden.","_seopress_robots_index":"","footnotes":""},"class_list":["post-1688","page","type-page","status-publish","hentry"],"acf":[],"_links":{"self":[{"href":"https:\/\/www.escentina.com\/de\/wp-json\/wp\/v2\/pages\/1688","targetHints":{"allow":["GET"]}}],"collection":[{"href":"https:\/\/www.escentina.com\/de\/wp-json\/wp\/v2\/pages"}],"about":[{"href":"https:\/\/www.escentina.com\/de\/wp-json\/wp\/v2\/types\/page"}],"author":[{"embeddable":true,"href":"https:\/\/www.escentina.com\/de\/wp-json\/wp\/v2\/users\/1"}],"replies":[{"embeddable":true,"href":"https:\/\/www.escentina.com\/de\/wp-json\/wp\/v2\/comments?post=1688"}],"version-history":[{"count":2,"href":"https:\/\/www.escentina.com\/de\/wp-json\/wp\/v2\/pages\/1688\/revisions"}],"predecessor-version":[{"id":14300,"href":"https:\/\/www.escentina.com\/de\/wp-json\/wp\/v2\/pages\/1688\/revisions\/14300"}],"wp:attachment":[{"href":"https:\/\/www.escentina.com\/de\/wp-json\/wp\/v2\/media?parent=1688"}],"curies":[{"name":"wp","href":"https:\/\/api.w.org\/{rel}","templated":true}]}}