{"id":1703,"date":"2023-12-12T15:49:56","date_gmt":"2023-12-12T14:49:56","guid":{"rendered":"https:\/\/www.escentina.com\/our-raw-materials\/"},"modified":"2025-01-16T14:04:22","modified_gmt":"2025-01-16T13:04:22","slug":"unsere-rohstoffe","status":"publish","type":"page","link":"https:\/\/www.escentina.com\/de\/unsere-rohstoffe\/","title":{"rendered":"Unsere Rohstoffe"},"content":{"rendered":"\n<header class=\"wp-block-group\"><div class=\"wp-block-group__inner-container is-layout-constrained wp-block-group-is-layout-constrained\">\n<h1 class=\"wp-block-heading\">Unsere Rohstoffe<\/h1>\n\n\n\n<h2 class=\"wp-block-heading\"><strong>Enth\u00fcllen Sie die Essenz der Natur<\/strong><\/h2>\n\n\n\n<p class=\"scroller\"><a href=\"#introduction\">Scroll<\/a><\/p>\n<\/div><\/header>\n\n\n\n<section class=\"wp-block-group alignwide intro\" id=\"introduction\"><div class=\"wp-block-group__inner-container is-layout-constrained wp-block-group-is-layout-constrained\">\n<p>Verk\u00f6rpert in zarten D\u00fcften, wirkungsvollen Extrakten oder vielschichtigen Elementen entfaltet sich die wahre Essenz der Natur und pr\u00e4gt unsere Welt des Wohlempfindens. Ob \u00e4therische \u00d6le, die die Sch\u00f6nheit der Pflanzen offenbaren, oder Isolate, die D\u00fcfte und Aromen hervorheben &#8211; jede dieser Kategorien enth\u00fcllt unverwechselbare Sch\u00e4tze der Natur.<\/p>\n<\/div><\/section>\n\n\n\n<section class=\"wp-block-group alignwide\"><div class=\"wp-block-group__inner-container is-layout-constrained wp-block-group-is-layout-constrained\">\n<div class=\"wp-block-columns is-layout-flex wp-container-core-columns-is-layout-9d6595d7 wp-block-columns-is-layout-flex\">\n<div class=\"wp-block-column is-vertically-aligned-center is-layout-flow wp-block-column-is-layout-flow\">\n<h3 class=\"wp-block-heading\">\u00c4therische \u00d6le<\/h3>\n\n\n\n<p>Entschl\u00fcsseln Sie die Essenz der Natur und beleben Sie Ihre Sinne mit der von Escentina sorgf\u00e4ltig ausgew\u00e4hlten Kollektion von \u00fcber 200 reinen und nat\u00fcrlichen \u00e4therischen \u00d6len. Dank unserer jahrzehntelangen Erfahrung haben wir Beziehungen zu vertrauensw\u00fcrdigen Partnern aufgebaut, die eine R\u00fcckverfolgbarkeit und Einhaltung h\u00f6chster ethischer Standards gew\u00e4hrleisten. Unsere strengen Qualit\u00e4tskontrollen garantieren unvergleichliche Standards, so dass Sie die Reinheit und die Vorz\u00fcge der Natur erleben k\u00f6nnen. Entdecken Sie die Welt der \u00e4therischen \u00d6le aus dem Hause Escentina und lassen Sie sich von der wahren Bedeutung des Wohlbefindens \u00fcberzeugen.<\/p>\n\n\n\n<div class=\"wp-block-buttons is-layout-flex wp-block-buttons-is-layout-flex\">\n<div class=\"wp-block-button\"><a class=\"wp-block-button__link wp-element-button\" href=\"https:\/\/www.escentina.com\/de\/our-raw-materials\/our-essential-oils\/\">Mehr erfahren<\/a><\/div>\n<\/div>\n<\/div>\n\n\n\n<div class=\"wp-block-column is-vertically-aligned-top is-layout-flow wp-block-column-is-layout-flow\">\n<figure class=\"wp-block-image size-medium\"><img alt=\"Escentina Essential Oils\" loading=\"lazy\" decoding=\"async\" width=\"630\" height=\"630\" src=\"https:\/\/www.escentina.com\/wp-content\/uploads\/2023\/12\/Essential-Oils-630x630.jpg\" alt=\"\" class=\"wp-image-849\" srcset=\"https:\/\/www.escentina.com\/wp-content\/uploads\/2023\/12\/Essential-Oils-630x630.jpg 630w, https:\/\/www.escentina.com\/wp-content\/uploads\/2023\/12\/Essential-Oils-300x300.jpg 300w, https:\/\/www.escentina.com\/wp-content\/uploads\/2023\/12\/Essential-Oils-768x768.jpg 768w, https:\/\/www.escentina.com\/wp-content\/uploads\/2023\/12\/Essential-Oils.jpg 1080w\" sizes=\"auto, (max-width: 630px) 100vw, 630px\" \/><\/figure>\n<\/div>\n<\/div>\n\n\n\n<div class=\"wp-block-columns is-layout-flex wp-container-core-columns-is-layout-9d6595d7 wp-block-columns-is-layout-flex\">\n<div class=\"wp-block-column is-vertically-aligned-top is-layout-flow wp-block-column-is-layout-flow\">\n<figure class=\"wp-block-image size-medium\"><img alt=\"Escentina Isolates\" loading=\"lazy\" decoding=\"async\" width=\"630\" height=\"630\" src=\"https:\/\/www.escentina.com\/wp-content\/uploads\/2023\/12\/Isolat-630x630.jpg\" alt=\"\" class=\"wp-image-852\" srcset=\"https:\/\/www.escentina.com\/wp-content\/uploads\/2023\/12\/Isolat-630x630.jpg 630w, https:\/\/www.escentina.com\/wp-content\/uploads\/2023\/12\/Isolat-300x300.jpg 300w, https:\/\/www.escentina.com\/wp-content\/uploads\/2023\/12\/Isolat-768x768.jpg 768w, https:\/\/www.escentina.com\/wp-content\/uploads\/2023\/12\/Isolat.jpg 1080w\" sizes=\"auto, (max-width: 630px) 100vw, 630px\" \/><\/figure>\n<\/div>\n\n\n\n<div class=\"wp-block-column is-vertically-aligned-center is-layout-flow wp-block-column-is-layout-flow\">\n<h3 class=\"wp-block-heading\">Isolate<\/h3>\n\n\n\n<p>Entdecken Sie Isolate und erschliessen Sie sich die Welt der Isolate, einzelner Aromastoffe, die aus der Natur stammen. Bei Escentina w\u00e4hlen wir Isolate sorgf\u00e4ltig aus und dosieren sie, um die gew\u00fcnschten Duftprofile f\u00fcr verschiedene Produkte zu entwickeln. Von Parf\u00fcms bis hin zu kulinarischen K\u00f6stlichkeiten &#8211; Isolate verbessern und verst\u00e4rken D\u00fcfte und Aromen. W\u00e4hrend Isolate Konsistenz bieten, mischen unsere Duftdesignenden sie gekonnt, um dadurch zu dominante oder unnat\u00fcrliche Ergebnisse zu vermeiden. Tauchen Sie ein in das Reich der Isolate, die als konzentrierte Aromastoffe die allt\u00e4glichen Sinneserfahrungen bereichern.<\/p>\n\n\n\n<div class=\"wp-block-buttons is-layout-flex wp-block-buttons-is-layout-flex\">\n<div class=\"wp-block-button\"><a class=\"wp-block-button__link wp-element-button\" href=\"https:\/\/www.escentina.com\/de\/our-raw-materials\/isolates\/\">Mehr erfahren<\/a><\/div>\n<\/div>\n<\/div>\n<\/div>\n\n\n\n<div class=\"wp-block-columns is-layout-flex wp-container-core-columns-is-layout-9d6595d7 wp-block-columns-is-layout-flex\">\n<div class=\"wp-block-column is-vertically-aligned-center is-layout-flow wp-block-column-is-layout-flow\">\n<h3 class=\"wp-block-heading\">Rohstoff-Service<\/h3>\n\n\n\n<p>Unser Rohstoff-Service umfasst eine breite Palette von Anwendungen, die von der Aromatherapie \u00fcber die Hautpflege bis hin zur Haushaltsreinigung reichen, und bietet anpassungsf\u00e4hige Mengen, die f\u00fcr Unternehmen jeder Gr\u00f6sse zug\u00e4nglich sind. Durch die Einhaltung kompromissloser Qualit\u00e4tsstandards und ethischer Beschaffungspraktiken leisten unsere Angebote einen wichtigen Beitrag zum Umweltschutz. Erkunden Sie unser umfassendes Produktangebot und tauchen Sie ein in eine einzigartige, ganzheitliche Erfahrung.<\/p>\n\n\n\n<div class=\"wp-block-buttons is-layout-flex wp-block-buttons-is-layout-flex\">\n<div class=\"wp-block-button\"><a class=\"wp-block-button__link wp-element-button\" href=\"https:\/\/www.escentina.com\/de\/our-raw-materials\/raw-material-services\/\">Mehr erfahren<\/a><\/div>\n<\/div>\n<\/div>\n\n\n\n<div class=\"wp-block-column is-vertically-aligned-top is-layout-flow wp-block-column-is-layout-flow\">\n<figure class=\"wp-block-image size-medium\"><img alt=\"\" decoding=\"async\" src=\"https:\/\/www.escentina.com\/wp-content\/uploads\/2024\/08\/Escentina-Raw-Materials-Services-V6-WEB-630x630.jpg\" alt=\"\" class=\"wp-image-8512\"\/><\/figure>\n<\/div>\n<\/div>\n<\/div><\/section>\n","protected":false},"excerpt":{"rendered":"<p>Unsere Rohstoffe Enth\u00fcllen Sie die Essenz der Natur Scroll Verk\u00f6rpert in zarten D\u00fcften, wirkungsvollen Extrakten oder vielschichtigen Elementen entfaltet sich die wahre Essenz der Natur und pr\u00e4gt unsere Welt des Wohlempfindens. Ob \u00e4therische \u00d6le, die die Sch\u00f6nheit der Pflanzen offenbaren, oder Isolate, die D\u00fcfte und Aromen hervorheben &#8211; jede dieser Kategorien enth\u00fcllt unverwechselbare Sch\u00e4tze der Natur. \u00c4therische \u00d6le&#8230;<\/p>\n","protected":false},"author":1,"featured_media":0,"parent":0,"menu_order":0,"comment_status":"closed","ping_status":"closed","template":"","meta":{"_acf_changed":false,"_seopress_robots_primary_cat":"","_seopress_titles_title":"Enth\u00fcllen Sie die Essenz der Natur - Escentina","_seopress_titles_desc":"Verk\u00f6rpert in zarten D\u00fcften, wirkungsvollen Extrakten oder vielschichtigen Elementen entfaltet sich die wahre Essenz der Natur und pr\u00e4gt unsere Welt des Wohlempfindens. Ob \u00e4therische \u00d6le, die die Sch\u00f6nheit der Pflanzen offenbaren, oder Isolate, die D\u00fcfte und Aromen hervorheben \u2013 jede dieser Kategorien enth\u00fcllt unverwechselbare Sch\u00e4tze der Natur.","_seopress_robots_index":"","footnotes":""},"class_list":["post-1703","page","type-page","status-publish","hentry"],"acf":[],"_links":{"self":[{"href":"https:\/\/www.escentina.com\/de\/wp-json\/wp\/v2\/pages\/1703","targetHints":{"allow":["GET"]}}],"collection":[{"href":"https:\/\/www.escentina.com\/de\/wp-json\/wp\/v2\/pages"}],"about":[{"href":"https:\/\/www.escentina.com\/de\/wp-json\/wp\/v2\/types\/page"}],"author":[{"embeddable":true,"href":"https:\/\/www.escentina.com\/de\/wp-json\/wp\/v2\/users\/1"}],"replies":[{"embeddable":true,"href":"https:\/\/www.escentina.com\/de\/wp-json\/wp\/v2\/comments?post=1703"}],"version-history":[{"count":1,"href":"https:\/\/www.escentina.com\/de\/wp-json\/wp\/v2\/pages\/1703\/revisions"}],"predecessor-version":[{"id":12948,"href":"https:\/\/www.escentina.com\/de\/wp-json\/wp\/v2\/pages\/1703\/revisions\/12948"}],"wp:attachment":[{"href":"https:\/\/www.escentina.com\/de\/wp-json\/wp\/v2\/media?parent=1703"}],"curies":[{"name":"wp","href":"https:\/\/api.w.org\/{rel}","templated":true}]}}