{"id":5070,"date":"2024-02-20T10:09:34","date_gmt":"2024-02-20T09:09:34","guid":{"rendered":"https:\/\/www.escentina.com\/website-terms-of-use\/"},"modified":"2025-01-15T10:38:32","modified_gmt":"2025-01-15T09:38:32","slug":"website-nutzngsbedingungen","status":"publish","type":"page","link":"https:\/\/www.escentina.com\/de\/website-nutzngsbedingungen\/","title":{"rendered":"Website-Nutzungsbedingungen"},"content":{"rendered":"\n<div class=\"wp-block-group collapse container-md\"><div class=\"wp-block-group__inner-container is-layout-constrained wp-block-group-is-layout-constrained\">\n<div class=\"wp-block-group collapse-item\"><div class=\"wp-block-group__inner-container is-layout-constrained wp-block-group-is-layout-constrained\">\n<p class=\"collapse-header\">Pr\u00e4ambel<\/p>\n\n\n\n<div class=\"wp-block-group collapse-content\"><div class=\"wp-block-group__inner-container is-layout-constrained wp-block-group-is-layout-constrained\">\n<p class=\"has-small-font-size\">G\u00fcltig ab dem 1. Januar 2025<\/p>\n\n\n\n<p>Wir sind Essencia, Aetherische Oele AG, ein in der Schweiz unter der Nummer CHE-101.293.118 eingetragenes Unternehmen (&#8222;<strong><em>Essencia AG<\/em><\/strong>&#8222;), und wir betreiben die Website <a href=\"http:\/\/www.escentina.com\" data-type=\"link\" data-id=\"www.escentina.com\">www.escentina.com<\/a> (die &#8222;<strong><em>Website<\/em><\/strong>&#8222;). Unsere Hauptniederlassung befindet sich an der St\u00e4ffelistrasse 8, 8409 Winterthur, Schweiz.<\/p>\n\n\n\n<p>Diese Nutzungsbedingungen (&#8222;<strong><em>Nutzungsbedingungen<\/em><\/strong>&#8222;) definieren die rechtlichen Bedingungen, unter denen wir Ihnen den Zugriff auf unsere Website (als registrierte\/r BenutzerIn oder Gast) gestatten. Indem Sie unsere Website ansehen, durchsuchen oder anderweitig nutzen, akzeptieren Sie diese Nutzungsbedingungen ohne Einschr\u00e4nkung oder Vorbehalt. Wenn Sie diesen Nutzungsbedingungen nicht zustimmen, sind Sie nicht berechtigt, auf die Website zuzugreifen oder sie zu nutzen, und m\u00fcssen sie sofort verlassen.<\/p>\n<\/div><\/div>\n<\/div><\/div>\n\n\n\n<div class=\"wp-block-group collapse-item\"><div class=\"wp-block-group__inner-container is-layout-constrained wp-block-group-is-layout-constrained\">\n<p class=\"collapse-header\">4.1 Zum Verst\u00e4ndnis dieser Nutzungsbedingungen<\/p>\n\n\n\n<div class=\"wp-block-group collapse-content\"><div class=\"wp-block-group__inner-container is-layout-constrained wp-block-group-is-layout-constrained\">\n<p>4.1.1 Wenn bestimmte Begriffe und Ausdr\u00fccke in diesen Nutzungsbedingungen verwendet werden, haben sie eine bestimmte Bedeutung (&#8222;<strong><em>Definierte Begriffe<\/em><\/strong>&#8222;). Sie k\u00f6nnen diese Definierten Begriffe daran erkennen, dass sie mit einem Grossbuchstaben beginnen (auch wenn sie nicht am Anfang eines Satzes stehen). Wenn ein Definierter Begriff verwendet wird, hat er die Bedeutung, die ihm in dem Abschnitt dieser Nutzungsbedingungen zugewiesen wird, in dem er definiert ist (Sie k\u00f6nnen diese Definitionen finden, indem Sie nach dem Satz suchen, in dem der Definierte Begriff in Klammern, Anf\u00fchrungszeichen und fetten Buchstaben angegeben ist).<\/p>\n\n\n\n<p>4.1.2 &#8222;Wir&#8220;, &#8222;unser&#8220; oder &#8222;uns&#8220; bezieht sich auf Essencia AG. Wenn wir uns auf &#8222;Sie&#8220;, &#8222;Ihre&#8220; oder &#8222;Ihr&#8220; beziehen, beziehen wir uns auf Sie als die Person, die auf unsere Website zugreift oder sie nutzt.<\/p>\n<\/div><\/div>\n<\/div><\/div>\n\n\n\n<div class=\"wp-block-group collapse-item\"><div class=\"wp-block-group__inner-container is-layout-constrained wp-block-group-is-layout-constrained\">\n<p class=\"collapse-header\">4.2 Unsere Website<\/p>\n\n\n\n<div class=\"wp-block-group collapse-content\"><div class=\"wp-block-group__inner-container is-layout-constrained wp-block-group-is-layout-constrained\">\n<p>4.2.1 Unsere Website wird kostenlos zur Verf\u00fcgung gestellt. Wir garantieren nicht, dass unsere Website oder Inhalte auf unserer Website immer verf\u00fcgbar oder ohne Unterbrechung zug\u00e4nglich sein werden. Der Zugang zu unserer Website wird vor\u00fcbergehend gew\u00e4hrt. Wir k\u00f6nnen unsere Website ohne Vorank\u00fcndigung ganz oder teilweise aussetzen, l\u00f6schen, unterbrechen oder \u00e4ndern. Wir sind Ihnen gegen\u00fcber nicht verantwortlich, wenn unsere Website aus irgendeinem Grund und zu irgendeinem Zeitpunkt nicht oder nur f\u00fcr eine bestimmte Dauer verf\u00fcgbar ist und\/oder wenn wir die Website aktualisieren und\/oder ihren Inhalt \u00e4ndern.<\/p>\n\n\n\n<p>4.2.2 Sie sind daf\u00fcr verantwortlich, die notwendigen Vorkehrungen f\u00fcr den Zugang zu unserer Website zu treffen. Sie sind auch daf\u00fcr verantwortlich, sicherzustellen, dass alle Personen, die \u00fcber Ihre Internetverbindung auf unsere Website zugreifen, diese Nutzungsbedingungen kennen und sie akzeptieren.<\/p>\n\n\n\n<p>4.2.3 Wir garantieren nicht, dass die Website oder Inhalte auf unserer Website frei von Fehlern oder Auslassungen sind. Wir bem\u00fchen uns in angemessener Weise, nur korrekte und aktuelle Informationen auf der Website bereitzustellen; wir geben jedoch keine ausdr\u00fcckliche oder stillschweigende Zusicherung oder Garantie in Bezug auf diese Informationen.<\/p>\n\n\n\n<p>4.2.4 Die Website und ihr Inhalt werden nur zu allgemeinen Informations- und Unterhaltungszwecken bereitgestellt. Sie sind nicht als Ratschl\u00e4ge (medizinisch oder anderweitig) zu verstehen. Sie sollten sich von einem Fachmann\/Spezialisten oder einer Fachfrau\/Spezialistin beraten lassen, bevor Sie auf der Grundlage des Inhalts unserer Website Massnahmen ergreifen.<\/p>\n<\/div><\/div>\n<\/div><\/div>\n\n\n\n<div class=\"wp-block-group collapse-item\"><div class=\"wp-block-group__inner-container is-layout-constrained wp-block-group-is-layout-constrained\">\n<p class=\"collapse-header\">4.3 Unser Kundenportal<\/p>\n\n\n\n<div class=\"wp-block-group collapse-content\"><div class=\"wp-block-group__inner-container is-layout-constrained wp-block-group-is-layout-constrained\">\n<p>4.3.1 Wenn Sie sich bei uns auf unserer Website \u00fcber unser Kundenportal (&#8222;Kundenportal&#8220;) registrieren, bedeutet dies, dass Sie ein\/e registrierte\/r professionelle\/r oder gesch\u00e4ftliche\/r NutzerIn sind.<\/p>\n\n\n\n<p>4.3.2 Nur registrierte Fachleute k\u00f6nnen unter Angabe ihrer Umsatzsteuer-Identifikationsnummer auf unserer Kundenportal zugreifen.<\/p>\n\n\n\n<p>4.3.3 Im Rahmen unserer Sicherheitsverfahren werden Sie aufgefordert, Ihre E-Mail-Adresse und Ihr Passwort anzugeben. Sie m\u00fcssen diese Informationen vertraulich behandeln und d\u00fcrfen sie nicht an Dritte weitergeben.<\/p>\n\n\n\n<p>4.3.4 Wir haben das Recht, jedes Konto und\/oder Passwort jederzeit zu deaktivieren, wenn wir der Meinung sind, dass Sie eine der Bestimmungen dieser Nutzungsbedingungen nicht eingehalten haben.<\/p>\n<\/div><\/div>\n<\/div><\/div>\n\n\n\n<div class=\"wp-block-group collapse-item\"><div class=\"wp-block-group__inner-container is-layout-constrained wp-block-group-is-layout-constrained\">\n<p class=\"collapse-header\">4.4 Unsere Rechte<\/p>\n\n\n\n<div class=\"wp-block-group collapse-content\"><div class=\"wp-block-group__inner-container is-layout-constrained wp-block-group-is-layout-constrained\">\n<p>4.4.1 Wir sind Eigent\u00fcmer oder ausschliesslicher Lizenznehmer aller geistigen Eigentumsrechte an der Website und ihrem Inhalt, dem Namen und der Marke Essencia AG sowie den Namen, Bildern und Verpackungen der Essencia AG. Diese Werke sind durch Urheberrechtsgesetze und -vertr\u00e4ge weltweit gesch\u00fctzt. Alle Rechte sind vorbehalten.<\/p>\n\n\n\n<p>4.4.2 Es ist Ihnen untersagt, unsere geistigen Eigentumsrechte f\u00fcr einen anderen als den in diesen Nutzungsbedingungen beschriebenen Zweck zu nutzen. Keine Bedingung dieser Nutzungsbedingungen soll irgendwelche Rechte am geistigen Eigentum von Essencia AG oder damit verbundene Rechte \u00fcbertragen.<\/p>\n\n\n\n<p>4.4.3 Sie d\u00fcrfen unsere Website (oder einen Teil ihres Inhalts) nur f\u00fcr vereinbarte kommerzielle Zwecke nutzen; Dies betrifft auch Dokumentation, die auf unserer Website zum Download angeboten wird. Kein Teil der Website, einschliesslich, aber nicht beschr\u00e4nkt auf die darin enthaltenen Texte, Designs, Grafiken, Fotos und Bilder, darf ohne unsere vorherige schriftliche Zustimmung kopiert, reproduziert, erneut ver\u00f6ffentlicht, heruntergeladen, erneut gesendet, ge\u00e4ndert, \u00fcbertragen, verteilt oder auf andere Weise f\u00fcr nicht-pers\u00f6nliche, \u00f6ffentliche oder kommerzielle Zwecke verwendet werden.<\/p>\n\n\n\n<p>4.4.4 Alle Nachrichten oder Dokumente, die Sie uns \u00fcber die Website per E-Mail oder auf anderem Wege zusenden, werden als nicht urheberrechtlich gesch\u00fctzt und nicht vertraulich behandelt (mit Ausnahme von Nachrichten, die sich auf Ihre Bestellungen von Produkten und\/oder Dienstleistungen beziehen, wie in unseren <a href=\"https:\/\/www.escentina.com\/de\/allgemeine-geschaftsbedingungen\/\" data-type=\"page\" data-id=\"5008\">Allgemeinen Gesch\u00e4ftsbedingungen<\/a> definiert). Es steht uns frei, Ideen, Vorschl\u00e4ge, Konzepte, Entw\u00fcrfe, Know-how und andere Informationen, die in diesen Nachrichten oder Dokumenten enthalten sind, zu ver\u00f6ffentlichen, zu zeigen, zu verbreiten und anderweitig zu nutzen, einschliesslich, aber nicht beschr\u00e4nkt auf die Entwicklung, Herstellung, F\u00f6rderung und Durchf\u00fchrung von Marketingaktivit\u00e4ten in Bezug auf uns oder unsere Produkte und\/oder Dienstleistungen.<\/p>\n<\/div><\/div>\n<\/div><\/div>\n\n\n\n<div class=\"wp-block-group collapse-item\"><div class=\"wp-block-group__inner-container is-layout-constrained wp-block-group-is-layout-constrained\">\n<p class=\"collapse-header\">4.5 Unsere Haftung<\/p>\n\n\n\n<div class=\"wp-block-group collapse-content\"><div class=\"wp-block-group__inner-container is-layout-constrained wp-block-group-is-layout-constrained\">\n<p>4.5.1 Die Website wird auf der Basis \u00abas-is\u00bb (wie gegeben) und \u00abas-available\u00bb (wie verf\u00fcgbar) zur Verf\u00fcgung gestellt, und wir schliessen, soweit gesetzlich zul\u00e4ssig, alle Bedingungen, Garantien, Zusicherungen oder andere Bestimmungen aus, die f\u00fcr unsere Website oder ihren Inhalt gelten, ob ausdr\u00fccklich oder stillschweigend.<\/p>\n\n\n\n<p>4.5.2 Wir lehnen jegliche Haftung gegen\u00fcber Ihnen f\u00fcr Verluste oder Sch\u00e4den ab, unabh\u00e4ngig davon, ob diese vertraglich, durch unerlaubte Handlungen (einschliesslich Fahrl\u00e4ssigkeit), durch Verletzung gesetzlicher Pflichten oder anderweitig entstanden sind, selbst wenn diese vorhersehbar waren, und die sich aus oder im Zusammenhang mit der Website ergeben:<\/p>\n\n\n\n<p>4.5.2.1 Nutzung und\/oder Unm\u00f6glichkeit der Nutzung unserer Website; und\/oder<\/p>\n\n\n\n<p>4.5.2.2 Verwendung von Inhalten, die auf unserer Website angezeigt werden.<\/p>\n\n\n\n<p>4.5.3 Wenn Sie ein\/e professionelle\/r oder gesch\u00e4ftliche\/r NutzerIn sind, beachten Sie bitte, dass wir ausdr\u00fccklich jegliche Haftung ablehnen:<\/p>\n\n\n\n<p>4.5.3.1 Verlust von Gewinnen, Verk\u00e4ufen, Gesch\u00e4ften und\/oder Einnahmen;<\/p>\n\n\n\n<p>4.5.3.2 Betriebsunterbrechung;<\/p>\n\n\n\n<p>4.5.3.3 Verlust von erwarteten Einsparungen;<\/p>\n\n\n\n<p>4.5.3.4 Verlust von Gesch\u00e4ftsm\u00f6glichkeiten, Firmenwert und\/oder Ruf; und\/oder<\/p>\n\n\n\n<p>4.5.3.5 Alle indirekten oder Folgesch\u00e4den.<\/p>\n\n\n\n<p>4.5.4 Wenn Sie ein Verbraucher sind, beachten Sie bitte, dass unsere Website nur f\u00fcr den professionellen Gebrauch zur Verf\u00fcgung gestellt wird. Sie erkl\u00e4ren sich damit einverstanden, unsere Website nicht f\u00fcr private Zwecke zu nutzen, und wir lehnen jegliche Haftung f\u00fcr entgangenen Gewinn, Gesch\u00e4ftsverluste, Gesch\u00e4ftsunterbrechungen oder den Verlust von Gesch\u00e4ftsm\u00f6glichkeiten gegen\u00fcber Ihnen ab.<\/p>\n\n\n\n<p>4.5.5 Wir haften nicht f\u00fcr Verluste oder Sch\u00e4den, die durch einen Virus, einen Distributed-Denial-of-Service-Angriff oder anderes sch\u00e4dliches technologisches Material verursacht werden, das Ihren Computer, Ihre Software, Ihre Daten oder anderes urheberrechtlich gesch\u00fctztes Material aufgrund der Nutzung unserer Website oder des Herunterladens ihres Inhalts oder des Inhalts einer auf unserer Website verlinkten Website infizieren kann.<\/p>\n\n\n\n<p>4.5.6 Wir lehnen jede Haftung f\u00fcr den Inhalt der verlinkten Websites auf unserer Website ab. Das Vorhandensein dieser Links bedeutet nicht, dass wir die Websites und Inhalte, auf die sie verweisen, gutheissen. Wir lehnen jede Haftung f\u00fcr Verluste oder Sch\u00e4den ab, die sich aus der Nutzung dieser Websites ergeben.<\/p>\n\n\n\n<p>4.5.7 Nichts in diesen Nutzungsbedingungen schliesst unsere Haftung aus oder beschr\u00e4nkt sie f\u00fcr:<\/p>\n\n\n\n<p>4.5.7.1 Tod oder Personensch\u00e4den, die durch unsere Fahrl\u00e4ssigkeit verursacht wurden;<\/p>\n\n\n\n<p>4.5.7.2 Betrug oder arglistige T\u00e4uschung; und<\/p>\n\n\n\n<p>4.5.7.3 Jede Angelegenheit, f\u00fcr die es f\u00fcr uns rechtswidrig w\u00e4re, unsere Haftung auszuschliessen oder zu beschr\u00e4nken.<\/p>\n\n\n\n<p>4.5.8 F\u00fcr die Haftung, die sich aus dem Verkauf oder der Erbringung von Produkten und\/oder Dienstleistungen der Essencia AG ergibt, gelten unterschiedliche Haftungsbeschr\u00e4nkungen und -ausschl\u00fcsse. Diese sind in den <a href=\"https:\/\/www.escentina.com\/de\/allgemeine-geschaftsbedingungen\/\" data-type=\"page\" data-id=\"5008\">Allgemeinen Gesch\u00e4ftsbedingungen<\/a> festgelegt.<\/p>\n<\/div><\/div>\n<\/div><\/div>\n\n\n\n<div class=\"wp-block-group collapse-item\"><div class=\"wp-block-group__inner-container is-layout-constrained wp-block-group-is-layout-constrained\">\n<p class=\"collapse-header\">4.6 Viren<\/p>\n\n\n\n<div class=\"wp-block-group collapse-content\"><div class=\"wp-block-group__inner-container is-layout-constrained wp-block-group-is-layout-constrained\">\n<p>4.6.1 Wir garantieren nicht, dass unsere Website sicher und frei von Viren ist. Sie sind daf\u00fcr verantwortlich, Ihre Computerhardware, Software und Plattformen f\u00fcr den Zugriff auf unsere Website zu konfigurieren, und wir empfehlen Ihnen, Ihre eigene Antiviren-Software zu verwenden.<\/p>\n\n\n\n<p>4.6.2 Sie d\u00fcrfen unsere Website nicht missbrauchen, indem Sie wissentlich Viren, Trojaner, W\u00fcrmer, Logikbomben oder andere b\u00f6sartige oder sch\u00e4dliche Materialien oder Technologien einf\u00fchren. Sie d\u00fcrfen nicht versuchen, sich unbefugten Zugang zu unserer Website, dem Server, auf dem unsere Website gehostet wird, oder einem Server, Computer oder einer Datenbank, die mit unserer Website verbunden sind, zu verschaffen. Sie d\u00fcrfen unsere Website nicht durch einen Denial-of-Service oder Distributed-Denial-of-Service-Angriff angreifen. Wenn Sie gegen diese Bestimmung verstossen, begehen Sie eine Straftat nach dem Schweizerischen Strafgesetzbuch. Wir melden einen solchen Verstoss den zust\u00e4ndigen Beh\u00f6rden und kooperieren mit diesen Beh\u00f6rden, indem wir Ihre Identit\u00e4t offenlegen. Im Falle eines solchen Verstosses erlischt Ihr Recht zur Nutzung unserer Website unverz\u00fcglich.<\/p>\n<\/div><\/div>\n<\/div><\/div>\n\n\n\n<div class=\"wp-block-group collapse-item\"><div class=\"wp-block-group__inner-container is-layout-constrained wp-block-group-is-layout-constrained\">\n<p class=\"collapse-header\">4.7 Ihre pers\u00f6nlichen Daten<\/p>\n\n\n\n<div class=\"wp-block-group collapse-content\"><div class=\"wp-block-group__inner-container is-layout-constrained wp-block-group-is-layout-constrained\">\n<p>Wir verwenden Ihre pers\u00f6nlichen Daten nur in \u00dcbereinstimmung mit unserer <a href=\"https:\/\/www.escentina.com\/de\/data-privacy-policy\/\" data-type=\"page\" data-id=\"8278\">Datenschutzrichtlinie<\/a>. Bitte nehmen Sie sich die Zeit, unsere <a href=\"https:\/\/www.escentina.com\/de\/data-privacy-policy\/\" data-type=\"page\" data-id=\"8278\">Datenschutzrichtlinie<\/a> zu lesen, da sie wichtige Informationen und Klauseln enth\u00e4lt, die f\u00fcr Sie gelten.<\/p>\n<\/div><\/div>\n<\/div><\/div>\n\n\n\n<div class=\"wp-block-group collapse-item\"><div class=\"wp-block-group__inner-container is-layout-constrained wp-block-group-is-layout-constrained\">\n<p class=\"collapse-header\">4.8 Anwendbares Recht und Gerichtsstand<\/p>\n\n\n\n<div class=\"wp-block-group collapse-content\"><div class=\"wp-block-group__inner-container is-layout-constrained wp-block-group-is-layout-constrained\">\n<p>Diese Nutzungsbedingungen unterliegen schweizerischem Recht unter Ausschluss jeglicher Kollisionsnormen. Sie und wir erkl\u00e4ren uns damit einverstanden, dass die ordentlichen Gerichte von Z\u00fcrich, Schweiz, die ausschliessliche Zust\u00e4ndigkeit f\u00fcr die Beilegung von Streitigkeiten haben, die im Zusammenhang mit allen Aspekten aller Angelegenheiten entstehen, f\u00fcr die diese Nutzungsbedingungen gelten, vorbehaltlich einer Beschwerde an das Schweizerische Bundesgericht.<\/p>\n<\/div><\/div>\n<\/div><\/div>\n\n\n\n<div class=\"wp-block-group collapse-item\"><div class=\"wp-block-group__inner-container is-layout-constrained wp-block-group-is-layout-constrained\">\n<p class=\"collapse-header\">4.9 Kontakt<\/p>\n\n\n\n<div class=\"wp-block-group collapse-content\"><div class=\"wp-block-group__inner-container is-layout-constrained wp-block-group-is-layout-constrained\">\n<p>Wenn Sie Fragen zur Website oder zu diesen Nutzungsbedingungen haben, setzen Sie sich bitte mit uns in Verbindung, indem Sie das Formular auf der Seite &#8222;<a href=\"https:\/\/www.escentina.com\/de\/kontaktieren-sie-uns\/\" data-type=\"page\" data-id=\"1815\">Kontakt<\/a>&#8220; auf unserer Website ausf\u00fcllen.<\/p>\n<\/div><\/div>\n<\/div><\/div>\n<\/div><\/div>\n","protected":false},"excerpt":{"rendered":"<p>Pr\u00e4ambel G\u00fcltig ab dem 1. Januar 2025 Wir sind Essencia, Aetherische Oele AG, ein in der Schweiz unter der Nummer CHE-101.293.118 eingetragenes Unternehmen (&#8222;Essencia AG&#8222;), und wir betreiben die Website www.escentina.com (die &#8222;Website&#8222;). Unsere Hauptniederlassung befindet sich an der St\u00e4ffelistrasse 8, 8409 Winterthur, Schweiz. Diese Nutzungsbedingungen (&#8222;Nutzungsbedingungen&#8222;) definieren die rechtlichen Bedingungen, unter denen wir Ihnen den Zugriff auf&#8230;<\/p>\n","protected":false},"author":1,"featured_media":0,"parent":0,"menu_order":0,"comment_status":"closed","ping_status":"closed","template":"page-standard.php","meta":{"_acf_changed":false,"_seopress_robots_primary_cat":"","_seopress_titles_title":"","_seopress_titles_desc":"","_seopress_robots_index":"yes","footnotes":""},"class_list":["post-5070","page","type-page","status-publish","hentry"],"acf":[],"_links":{"self":[{"href":"https:\/\/www.escentina.com\/de\/wp-json\/wp\/v2\/pages\/5070","targetHints":{"allow":["GET"]}}],"collection":[{"href":"https:\/\/www.escentina.com\/de\/wp-json\/wp\/v2\/pages"}],"about":[{"href":"https:\/\/www.escentina.com\/de\/wp-json\/wp\/v2\/types\/page"}],"author":[{"embeddable":true,"href":"https:\/\/www.escentina.com\/de\/wp-json\/wp\/v2\/users\/1"}],"replies":[{"embeddable":true,"href":"https:\/\/www.escentina.com\/de\/wp-json\/wp\/v2\/comments?post=5070"}],"version-history":[{"count":1,"href":"https:\/\/www.escentina.com\/de\/wp-json\/wp\/v2\/pages\/5070\/revisions"}],"predecessor-version":[{"id":12972,"href":"https:\/\/www.escentina.com\/de\/wp-json\/wp\/v2\/pages\/5070\/revisions\/12972"}],"wp:attachment":[{"href":"https:\/\/www.escentina.com\/de\/wp-json\/wp\/v2\/media?parent=5070"}],"curies":[{"name":"wp","href":"https:\/\/api.w.org\/{rel}","templated":true}]}}