{"id":8278,"date":"2024-03-29T15:20:44","date_gmt":"2024-03-29T14:20:44","guid":{"rendered":"https:\/\/www.escentina.com\/data-privacy-policy\/"},"modified":"2026-02-03T16:20:22","modified_gmt":"2026-02-03T15:20:22","slug":"data-privacy-policy","status":"publish","type":"page","link":"https:\/\/www.escentina.com\/de\/data-privacy-policy\/","title":{"rendered":"Datenschutzrichtlinie"},"content":{"rendered":"\n<div class=\"wp-block-group collapse container-md\"><div class=\"wp-block-group__inner-container is-layout-constrained wp-block-group-is-layout-constrained\">\n<div class=\"wp-block-group collapse-item\"><div class=\"wp-block-group__inner-container is-layout-constrained wp-block-group-is-layout-constrained\">\n<p class=\"collapse-header\">Pr\u00e4ambel<\/p>\n\n\n\n<div class=\"wp-block-group collapse-content\"><div class=\"wp-block-group__inner-container is-layout-constrained wp-block-group-is-layout-constrained\">\n<p class=\"has-small-font-size\">G\u00fcltig ab dem 1. Januar 2025<\/p>\n\n\n\n<p>F\u00fcr Essencia, Aetherische Oele AG (&#8222;<strong><em>Essencia AG<\/em><\/strong>&#8222;) hat der Schutz Ihrer pers\u00f6nlichen Daten oberste Priorit\u00e4t. Wir halten uns an die in Artikel 13 der Schweizerischen Bundesverfassung (BV) und in den schweizerischen Datenschutzbestimmungen (Datenschutzgesetz, DSG) festgelegten Grunds\u00e4tze, die das Recht jeder Person auf Privatsph\u00e4re und Schutz vor Missbrauch personenbezogener Daten garantieren. Unser Engagement f\u00fcr den Schutz der Daten erstreckt sich auf die Einhaltung der schweizerischen Gesetzen, einschliesslich des DSG, und der Allgemeinen Datenschutzverordnung (GDPR) der Europ\u00e4ischen Union. Die EU erkennt die Schweizer Datenschutzgesetze als an die europ\u00e4ischen Standards angeglichen an.<\/p>\n\n\n\n<p>In enger Zusammenarbeit mit unseren Hosting-Providern ergreifen wir strenge Massnahmen zum Schutz der Datenbanken vor unbefugtem Zugriff, Verlust, Missbrauch oder Manipulation. Wir weisen jedoch darauf hin, dass ein l\u00fcckenloser Schutz der Daten vor dem Zugriff durch Dritte nicht m\u00f6glich ist, da die Daten\u00fcbertragung im Internet (z. B. bei der Kommunikation per E-Mail) Sicherheitsl\u00fccken aufweisen kann.<\/p>\n\n\n\n<p>Umfassende Informationen \u00fcber unsere Datenschutzpraktiken finden Sie nachstehend.<\/p>\n<\/div><\/div>\n<\/div><\/div>\n\n\n\n<div class=\"wp-block-group collapse-item\"><div class=\"wp-block-group__inner-container is-layout-constrained wp-block-group-is-layout-constrained\">\n<p class=\"collapse-header\">4.1 Verst\u00e4ndnis dieser Datenschutzrichtlinie<\/p>\n\n\n\n<div class=\"wp-block-group collapse-content\"><div class=\"wp-block-group__inner-container is-layout-constrained wp-block-group-is-layout-constrained\">\n<p>4.1.1 Wenn in dieser Datenschutzrichtlinie bestimmte Begriffe und Formulierungen verwendet werden, haben sie eine spezifische Bedeutung (&#8222;<strong><em>Definierte Begriffe<\/em><\/strong>&#8222;). Sie erkennen diese definierten Begriffe daran, dass sie mit einem Grossbuchstaben beginnen (auch wenn sie nicht am Satzanfang stehen). Wenn ein definierter Begriff verwendet wird, hat er die Bedeutung, die ihm in dem Abschnitt dieser Datenschutzrichtlinie zugewiesen wird, in dem er definiert ist (diese Bedeutungen finden Sie, indem Sie nach der Formulierung suchen, bei der derfinierte Begriff in Klammern, Anf\u00fchrungszeichen und Fettschrift angegeben ist).<\/p>\n\n\n\n<p>4.1.2 Wenn wir uns auf &#8222;wir&#8220;, &#8222;uns&#8220; oder &#8222;unser&#8220; beziehen, meinen wir Essencia AG, den Datenverantwortlichen. Wenn wir uns auf &#8222;Sie&#8220;, &#8222;Ihr&#8220; oder &#8222;Ihre&#8220; beziehen, meinen wir Sie als die Person, die auf unsere Website zugreift oder diese nutzt.<\/p>\n\n\n\n<p>4.1.3 Ihr Ansprechpartner f\u00fcr Datenschutz beim Datenverantwortlichen: Marc Wyler, unser Datenschutzverantwortlicher, steht f\u00fcr Fragen oder Anliegen im Zusammenhang mit dem Datenschutz zur Verf\u00fcgung. Sie k\u00f6nnen ihn unter <a href=\"mailto:marc.wyler@escentina.com\">marc.wyler@escentina.com<\/a> oder +41 52 245 05 60 erreichen.<\/p>\n\n\n\n<p>4.1.4 Ihr Ansprechpartner f\u00fcr Inhalte: Camille Chervin gew\u00e4hrleistet die Richtigkeit und Relevanz aller Inhalte und Informationen auf unserer Website <a href=\"http:\/\/www.escentina.com\">www.escentina.com<\/a> (&#8222;<strong><em>Website<\/em><\/strong>&#8222;). F\u00fcr alle diesbez\u00fcglichen Fragen k\u00f6nnen Sie sie unter <a href=\"mailto:marketing@escentina.com\">marketing@escentina.com<\/a> erreichen.<\/p>\n<\/div><\/div>\n<\/div><\/div>\n\n\n\n<div class=\"wp-block-group collapse-item\"><div class=\"wp-block-group__inner-container is-layout-constrained wp-block-group-is-layout-constrained\">\n<p class=\"collapse-header\">4.2 Datenverarbeitung<\/p>\n\n\n\n<div class=\"wp-block-group collapse-content\"><div class=\"wp-block-group__inner-container is-layout-constrained wp-block-group-is-layout-constrained\">\n<p>4.2.1 Allgemeine Informationen zur Datenverarbeitung: Wir erheben personenbezogene Daten, die Sie uns zur Verf\u00fcgung stellen oder die f\u00fcr das ordnungsgem\u00e4sse Funktionieren unserer Website und die Bereitstellung unserer Inhalte, die Ausf\u00fchrung und Beratung unserer Vertr\u00e4ge \u00fcber unsere Produkte und\/oder Dienstleistungen (wie in unseren <a href=\"https:\/\/www.escentina.com\/de\/allgemeine-geschaftsbedingungen\/\" data-type=\"page\" data-id=\"5008\" target=\"_blank\" rel=\"noreferrer noopener\">Allgemeinen Gesch\u00e4ftsbedingungen<\/a> definiert) oder f\u00fcr Marketinganalysen (zusammen die &#8222;<strong><em>Zwecke<\/em><\/strong>&#8222;). Dazu geh\u00f6ren personenbezogene Informationen (Name, E-Mail-Adresse, Postanschrift und Telefonnummer, IP-Adresse), das Land, von dem aus Sie sich verbunden haben, sowie Verhaltensinformationen (Browsing-Verlauf, Suchverlauf (ChatBot und Suchleiste), Benutzernamen, Sprachen und Datenschutzeinstellungen). Diese Daten werden nur mit Ihrer ausdr\u00fccklichen Einwilligung und f\u00fcr die genannten Zwecke verarbeitet und genutzt. Wir verwenden personenbezogene Daten nicht f\u00fcr andere Zwecke und geben Ihre Informationen ohne Ihre Zustimmung nicht an Dritte weiter.<\/p>\n\n\n\n<p>4.2.2 Allgemeine Verarbeitungszwecke und Rechtsgrundlage: Unsere Datenverarbeitung erm\u00f6glicht es uns, unsere Vertr\u00e4ge auszuf\u00fchren und zu konsultieren, einschliesslich verschiedener gesch\u00e4ftlicher Aspekte wie Angebote, Bestellungen, Verk\u00e4ufe, Rechnungsstellung, Kundendienst und Qualit\u00e4tssicherung. Dies erfolgt in erster Linie auf Grundlage von Art. 6 Abs. 1 lit. b DSGVO \/ Art. 6 sowie 30-31 DSG und schliesst vorvertragliche Massnahmen ein.<\/p>\n\n\n\n<p>4.2.3 Empf\u00e4nger: Empf\u00e4nger dieser Daten k\u00f6nnen \u00f6ffentliche Stellen zur Erf\u00fcllung gesetzlicher Verpflichtungen sowie externe Dienstleister sein, wie unser Hosting-Anbieter Infomaniak mit Sitz in der Schweiz, unser Website-Wartungsdienstleister WA Studio mit Sitz in Frankreich und unser Anbieter von Web-Traffic-Analysen Matomo Analytics mit Sitz in Deutschland (jedoch nur, wenn Sie zuvor die entsprechenden Analytics-Cookies akzeptiert haben). Wir erheben diese wesentlichen Daten, um die reibungslose Ausf\u00fchrung von Vertr\u00e4gen oder andere festgelegte Zwecke mit Ihrer Einwilligung sicherzustellen. Der Vollst\u00e4ndigkeit halber: Beim Besuch unserer Website k\u00f6nnen Drittanbieter-Cookies und Plug-ins eingesetzt werden, die Daten (einschliesslich personenbezogener Daten) haupts\u00e4chlich in der Schweiz, der EU oder den USA sammeln \u2013 f\u00fcr weitere Details bitte beachten Sie unsere <a href=\"https:\/\/www.escentina.com\/de\/cookie-richtlinien\/\" data-type=\"link\" data-id=\"https:\/\/www.escentina.com\/de\/cookie-richtlinien\/\" target=\"_blank\" rel=\"noreferrer noopener\"><a href=\"https:\/\/www.escentina.com\/de\/cookie-richtlinien\/\" data-type=\"link\" data-id=\"https:\/\/www.escentina.com\/de\/cookie-richtlinien\/\">Cookie-Nutzungsrichtlinie<\/a><\/a>.<\/p>\n\n\n\n<p>4.2.4 Dauer: Die Essencia AG kann Ihre personenbezogenen Daten wie folgt aufbewahren:<\/p>\n\n\n\n<ul class=\"wp-block-list\">\n<li>solange wir Ihnen Produkte und\/oder Dienstleistungen verkaufen oder bereitstellen; oder<\/li>\n\n\n\n<li>nach Beendigung Ihres Kontos oder Vertrages mit uns, oder falls Ihr Antrag auf einen bestimmten Vertrag abgelehnt oder aufgegeben wird, solange wir hierzu gesetzlich, regulatorisch, zur Betrugspr\u00e4vention und\/oder zu unseren berechtigten gesch\u00e4ftlichen Zwecken berechtigt oder verpflichtet sind.<\/li>\n<\/ul>\n<\/div><\/div>\n<\/div><\/div>\n\n\n\n<div class=\"wp-block-group collapse-item\"><div class=\"wp-block-group__inner-container is-layout-constrained wp-block-group-is-layout-constrained\">\n<p class=\"collapse-header\">4.3 Spezifische Datenverarbeitungsverfahren<\/p>\n\n\n\n<div class=\"wp-block-group collapse-content\"><div class=\"wp-block-group__inner-container is-layout-constrained wp-block-group-is-layout-constrained\">\n<p>4.3.1 Online-Kontaktformulare und E-Mail-Kontakt: Unsere Online-Kontaktformulare und der E-Mail-Kontakt erfordern die verpflichtende Eingabe von Daten in die Eingabemaske, um eine elektronische Kommunikation f\u00fcr Vertragsabwicklung und Verkaufszwecke zu erm\u00f6glichen. Nur Daten und Dokumente, die in die Eingabemaske eingegeben werden, werden \u00fcbermittelt und gespeichert.<\/p>\n\n\n\n<p>4.3.2 Professionelle Online-Plattform: Unsere Professionelle Online-Plattform, ausschliesslich f\u00fcr Fachpersonen, erfordert die verpflichtende Eingabe von Daten in die Eingabemaske f\u00fcr die Registrierung. Diese Daten werden verwendet, um Professionalit\u00e4t zu \u00fcberpr\u00fcfen, Benutzerprofile zu erstellen und Marketing-\/Verkaufsaktivit\u00e4ten zu unterst\u00fctzen.<\/p>\n\n\n\n<p>4.3.3 Online-Bewerbungen: Unsere Online-Bewerbungsformulare erfordern die verpflichtende Eingabe von Daten und die \u00dcbermittlung von Dokumenten in die Eingabemaske zu Rekrutierungszwecken. Es werden nur Daten und Dokumente \u00fcbertragen und gespeichert, die in die Eingabemaske eingegeben wurden.<\/p>\n\n\n\n<p>4.3.4 Newsletter: Unser Newsletter wird an die erhobenen E-Mail-Adressen zu Marketing- und Kommunikationszwecken gesendet. Sie k\u00f6nnen sich jederzeit vom Newsletter abmelden, indem Sie auf den Abmeldelink in jedem Newsletter klicken oder uns eine E-Mail an <a href=\"mailto:info@escentina.com\">info@escentina.com<\/a> senden.<\/p>\n\n\n\n<p>4.3.5 Empf\u00e4nger: Empf\u00e4nger dieser Daten k\u00f6nnen \u00f6ffentliche Stellen zur Erf\u00fcllung gesetzlicher Verpflichtungen sowie externe Dienstleister sein, wie unser Hosting-Anbieter Infomaniak mit Sitz in der Schweiz, unser Website-Wartungsdienstleister WA Studio mit Sitz in Frankreich und unser Anbieter von Web-Traffic-Analysen Matomo Analytics mit Sitz in Deutschland (jedoch nur, wenn Sie zuvor die entsprechenden Analytics-Cookies akzeptiert haben). Der Vollst\u00e4ndigkeit halber: Beim Besuch unserer Website k\u00f6nnen Drittanbieter-Cookies und Plug-ins eingesetzt werden, die Daten (einschliesslich personenbezogener Daten) haupts\u00e4chlich in der Schweiz, der EU oder den USA sammeln \u2013 f\u00fcr weitere Details siehe bitte unsere <a href=\"https:\/\/www.escentina.com\/de\/cookie-richtlinien\/\" data-type=\"link\" data-id=\"https:\/\/www.escentina.com\/de\/cookie-richtlinien\/\">Cookie-Nutzungsrichtlinie<\/a>.<\/p>\n<\/div><\/div>\n<\/div><\/div>\n\n\n\n<div class=\"wp-block-group collapse-item\"><div class=\"wp-block-group__inner-container is-layout-constrained wp-block-group-is-layout-constrained\">\n<p class=\"collapse-header\">4.4 Benutzerrechte<\/p>\n\n\n\n<div class=\"wp-block-group collapse-content\"><div class=\"wp-block-group__inner-container is-layout-constrained wp-block-group-is-layout-constrained\">\n<p>4.4.1 Gem\u00e4ss DSG und DSGVO hat jede betroffene Person berechtigt, einen Datenschutzantrag an Essencia AG zu stellen und kann die unten aufgef\u00fchrten Rechte geltend machen. Bitte wenden Sie sich an unseren Datenschutzverantwortlichen, um eines dieser Rechte auszu\u00fcben (siehe Artikel 4.1.3 &#8222;Ihr Ansprechpartner f\u00fcr Datenschutz&#8220; f\u00fcr Details).<\/p>\n\n\n\n<ul class=\"wp-block-list\">\n<li>Recht auf Auskunft: Jede betroffene Person hat das Recht, Auskunft \u00fcber die gespeicherten personenbezogenen Daten sowie eine Kopie davon zu erhalten, einschliesslich Angaben zu den Verarbeitungszwecken, den Kategorien, den Empf\u00e4ngern, der Aufbewahrungsdauer und weiteren Informationen.<\/li>\n\n\n\n<li>Recht auf Einsicht: Jede betroffene Person hat das Recht, die Best\u00e4tigung zu verlangen, ob personenbezogene Daten verarbeitet werden.<\/li>\n\n\n\n<li>Recht auf L\u00f6schung: Personen haben das Recht, die L\u00f6schung ihrer personenbezogenen Daten in verschiedenen Situationen zu verlangen, z.\u202fB. wenn sie nicht mehr ben\u00f6tigt werden, die Einwilligung widerrufen wird, Widerspruch ohne \u00fcberwiegende Gr\u00fcnde besteht, unrechtm\u00e4ssige Verarbeitung erfolgt, gesetzliche Pflichten erf\u00fcllt werden oder Daten im Zusammenhang mit Diensten f\u00fcr Kinder erhoben wurden.<\/li>\n\n\n\n<li>Recht auf Berichtigung: Jede betroffene Person hat das Recht, die unverz\u00fcgliche Berichtigung unrichtiger personenbezogener Daten zu verlangen.<\/li>\n\n\n\n<li>Recht auf Daten\u00fcbertragbarkeit: Jede betroffene Person hat das Recht, ihre personenbezogenen Daten in einem strukturierten, maschinenlesbaren Format zu erhalten und an einen anderen Verantwortlichen zu \u00fcbertragen, sofern die gesetzlichen Voraussetzungen erf\u00fcllt sind.<\/li>\n\n\n\n<li>Recht auf Widerspruch: Jede betroffene Person hat das Recht, der Verarbeitung personenbezogener Daten jederzeit zu widersprechen.<\/li>\n\n\n\n<li>Recht auf Widerruf der Einwilligung nach Datenschutzrecht: Jede betroffene Person hat das Recht, ihre Einwilligung zur Datenverarbeitung jederzeit zu widerrufen.<\/li>\n<\/ul>\n<\/div><\/div>\n<\/div><\/div>\n\n\n\n<div class=\"wp-block-group collapse-item\"><div class=\"wp-block-group__inner-container is-layout-constrained wp-block-group-is-layout-constrained\">\n<p class=\"collapse-header\">4.5 Verschiedenes<\/p>\n\n\n\n<div class=\"wp-block-group collapse-content\"><div class=\"wp-block-group__inner-container is-layout-constrained wp-block-group-is-layout-constrained\">\n<p>4.5.1 Verwendung von Cookies: Wir verwenden eigene Cookies zur Verbesserung der Benutzerfreundlichkeit. In diesen Cookies werden keine personenbezogenen Daten gespeichert, und Sie k\u00f6nnen Ihre Browsereinstellungen so konfigurieren, dass die Verwendung von Cookies verhindert wird. F\u00fcr weitere Informationen besuchen Sie bitte unsere <a href=\"https:\/\/www.escentina.com\/de\/cookie-richtlinien\/\" data-type=\"link\" data-id=\"https:\/\/www.escentina.com\/de\/cookie-richtlinien\/\">Cookie-Nutzungsrichtlinie<\/a>. <\/p>\n\n\n\n<p>4.5.2 Server-Logdateien: Wir erheben und speichern Daten aus Server-Logdateien, wie Browsertyp, Betriebssystem, Referrer-URL und Zeit der Serveranfrage. Diese Daten werden nicht mit bestimmten Personen verkn\u00fcpft.<\/p>\n\n\n\n<p>4.5.3 Datenschutzerkl\u00e4rung f\u00fcr SSL\/TLS-Verschl\u00fcsselung: Wir verwenden SSL\/TLS-Verschl\u00fcsselung, um die Daten\u00fcbertragung zu sichern und den Zugriff Dritter zu verhindern. Eine verschl\u00fcsselte Verbindung ist leicht erkennbar, wenn die Adresszeile Ihres Browsers von \u201chttp:\/\/\u201d auf \u201chttps:\/\/\u201d wechselt und ein Schloss-Symbol in der Browser-Oberfl\u00e4che erscheint. Sobald SSL- oder TLS-Verschl\u00fcsselung aktiviert ist, werden alle von Ihnen gesendeten Daten vor Dritten gesch\u00fctzt, wodurch die Vertraulichkeit Ihrer Informationen gew\u00e4hrleistet wird.<\/p>\n\n\n\n<p>4.5.4 Integration von Drittanbietern (LinkedIn, Instagram, Facebook): Wenn Sie sich entscheiden, Drittanbieter-Apps, Websites oder andere Dienste zu nutzen, die mit unserer Website, unseren Produkten oder Dienstleistungen verwendet oder integriert sind, k\u00f6nnen diese Informationen dar\u00fcber erhalten, was Sie posten oder teilen. Beispielsweise stellt das Aktivieren unseres LinkedIn-\u201cin\u201d-Buttons eine Verbindung zu LinkedIn-Servern her. Informationen, die von diesen Drittanbieter-Websites erhoben werden, unterliegen deren eigenen Nutzungsbedingungen und Richtlinien, nicht dieser Datenschutzerkl\u00e4rung.<\/p>\n\n\n\n<p>4.5.5 Website-Hosting: Unsere Website wird von Infomaniak, einem Schweizer Webhosting-Anbieter, gehostet, der f\u00fcr seine Zuverl\u00e4ssigkeit, Sicherheit und sein Umweltbewusstsein bekannt ist.<\/p>\n\n\n\n<p>4.5.6 Diese umfassende Datenschutzerkl\u00e4rung stellt sicher, dass Sie unsere Praktiken verstehen und unser Engagement zum Schutz Ihrer personenbezogenen Daten nachvollziehen k\u00f6nnen. Wenn Sie Fragen oder Bedenken haben, wenden Sie sich bitte an unseren Datenschutzverantwortlichen. Dar\u00fcber hinaus hat jede betroffene Person das Recht, ihre Anspr\u00fcche rechtlich durchzusetzen oder eine Beschwerde bei der zust\u00e4ndigen Datenschutzbeh\u00f6rde einzureichen. Die zust\u00e4ndige Datenschutzbeh\u00f6rde in der Schweiz ist der Eidgen\u00f6ssische Datenschutz- und \u00d6ffentlichkeitsbeauftragte (<a href=\"http:\/\/www.edoeb.admin.ch\/\">http:\/\/www.edoeb.admin.ch<\/a>).<\/p>\n\n\n\n<p>4.5.7 \u00c4nderungen: Wir k\u00f6nnen diese Datenschutzerkl\u00e4rung jederzeit ohne vorherige Ank\u00fcndigung \u00e4ndern. Die auf unserer Website ver\u00f6ffentlichte Version ist die derzeit g\u00fcltige Fassung. Gegebenenfalls informieren wir Sie \u00fcber \u00c4nderungen per E-Mail oder auf andere geeignete Weise.<\/p>\n<\/div><\/div>\n<\/div><\/div>\n<\/div><\/div>\n\n\n\n<p><\/p>\n","protected":false},"excerpt":{"rendered":"<p>Pr\u00e4ambel G\u00fcltig ab dem 1. Januar 2025 F\u00fcr Essencia, Aetherische Oele AG (&#8222;Essencia AG&#8222;) hat der Schutz Ihrer pers\u00f6nlichen Daten oberste Priorit\u00e4t. Wir halten uns an die in Artikel 13 der Schweizerischen Bundesverfassung (BV) und in den schweizerischen Datenschutzbestimmungen (Datenschutzgesetz, DSG) festgelegten Grunds\u00e4tze, die das Recht jeder Person auf Privatsph\u00e4re und Schutz vor Missbrauch personenbezogener Daten garantieren. Unser&#8230;<\/p>\n","protected":false},"author":1,"featured_media":0,"parent":0,"menu_order":0,"comment_status":"closed","ping_status":"closed","template":"page-standard.php","meta":{"_acf_changed":false,"_seopress_robots_primary_cat":"","_seopress_titles_title":"","_seopress_titles_desc":"","_seopress_robots_index":"yes","footnotes":""},"class_list":["post-8278","page","type-page","status-publish","hentry"],"acf":[],"_links":{"self":[{"href":"https:\/\/www.escentina.com\/de\/wp-json\/wp\/v2\/pages\/8278","targetHints":{"allow":["GET"]}}],"collection":[{"href":"https:\/\/www.escentina.com\/de\/wp-json\/wp\/v2\/pages"}],"about":[{"href":"https:\/\/www.escentina.com\/de\/wp-json\/wp\/v2\/types\/page"}],"author":[{"embeddable":true,"href":"https:\/\/www.escentina.com\/de\/wp-json\/wp\/v2\/users\/1"}],"replies":[{"embeddable":true,"href":"https:\/\/www.escentina.com\/de\/wp-json\/wp\/v2\/comments?post=8278"}],"version-history":[{"count":16,"href":"https:\/\/www.escentina.com\/de\/wp-json\/wp\/v2\/pages\/8278\/revisions"}],"predecessor-version":[{"id":14387,"href":"https:\/\/www.escentina.com\/de\/wp-json\/wp\/v2\/pages\/8278\/revisions\/14387"}],"wp:attachment":[{"href":"https:\/\/www.escentina.com\/de\/wp-json\/wp\/v2\/media?parent=8278"}],"curies":[{"name":"wp","href":"https:\/\/api.w.org\/{rel}","templated":true}]}}