{"id":8287,"date":"2024-03-29T15:36:40","date_gmt":"2024-03-29T14:36:40","guid":{"rendered":"https:\/\/www.escentina.com\/cookie-use-policy\/"},"modified":"2026-02-04T11:23:22","modified_gmt":"2026-02-04T10:23:22","slug":"cookie-richtlinien","status":"publish","type":"page","link":"https:\/\/www.escentina.com\/de\/cookie-richtlinien\/","title":{"rendered":"Cookie-Richtlinien"},"content":{"rendered":"\n<div class=\"wp-block-group collapse container-md\"><div class=\"wp-block-group__inner-container is-layout-constrained wp-block-group-is-layout-constrained\">\n<div class=\"wp-block-group collapse-item\"><div class=\"wp-block-group__inner-container is-layout-constrained wp-block-group-is-layout-constrained\">\n<p class=\"collapse-header\"><strong>Pr\u00e4ambel<\/strong><\/p>\n\n\n\n<div class=\"wp-block-group collapse-content\"><div class=\"wp-block-group__inner-container is-layout-constrained wp-block-group-is-layout-constrained\">\n<p class=\"has-small-font-size\">G\u00fcltig ab dem 1. Januar 2025<\/p>\n\n\n\n<p>F\u00fcr Essencia, Aetherische Oele AG (&#8222;<strong><em>Essencia AG<\/em><\/strong>&#8222;) hat der Schutz Ihrer pers\u00f6nlichen Daten oberste Priorit\u00e4t. Nachstehend finden Sie unsere Cookie-Richtlinien bez\u00fcglich unserer Website <a href=\"http:\/\/www.escentina.com\">www.escentina.com<\/a> (&#8222;<strong><em>Website<\/em><\/strong>&#8222;).<\/p>\n<\/div><\/div>\n<\/div><\/div>\n\n\n\n<div class=\"wp-block-group collapse-item\"><div class=\"wp-block-group__inner-container is-layout-constrained wp-block-group-is-layout-constrained\">\n<p class=\"collapse-header\">4.1 Verst\u00e4ndnis dieser Cookie-Richtlinie<\/p>\n\n\n\n<div class=\"wp-block-group collapse-content\"><div class=\"wp-block-group__inner-container is-layout-constrained wp-block-group-is-layout-constrained\">\n<p>4.1.1 Werden in dieser Cookie-Richtlinie bestimmte Begriffe und Formulierungen verwendet, haben diese eine besondere Bedeutung (die &#8222;<strong><em>definierten Begriffe<\/em><\/strong>&#8222;). Definierte Begriffe erkennen Sie daran, dass sie mit einem Grossbuchstaben beginnen (auch wenn sie nicht am Anfang eines Satzes stehen). Wird ein definierter Begriff verwendet, hat er die Bedeutung, die ihm in dem Abschnitt dieser Cookie-Richtlinie zugewiesen wird, in dem er definiert ist (diese Bedeutung ist daran erkennbar, dass der definierte Begriff in Klammern, in Anf\u00fchrungszeichen und in Fettschrift angegeben ist).<\/p>\n\n\n\n<p>4.1.2 Wenn wir die Begriffe &#8222;wir,&#8220; &#8222;unser(e)&#8220; oder &#8222;uns&#8220; verwenden, beziehen wir uns auf die Essencia AG. Wenn wir die Begriffe &#8222;Sie&#8220; &#8222;Ihr(e)&#8220; oder &#8222;Ihnen&#8220; verwenden, beziehen wir uns auf Sie als die Person, die auf unsere Website zugreift oder diese nutzt.<\/p>\n\n\n\n<p>4.1.3 Was sind &#8222;<strong><em>Cookie(s)<\/em><\/strong>&#8222;? Cookies sind Daten (kleine Dateien aus Buchstaben und Zahlen), die in Ihrem Browser oder auf Ihrem Endger\u00e4t (Computer, Tablet, Smartphone usw.) gespeichert werden und es dem jeweiligen Cookie-Anbieter erm\u00f6glichen, das Endger\u00e4t wiederzuerkennen, wenn es Websites besucht oder Online-Dienste nutzt. Die von Ihnen besuchte Website kann Cookies direkt setzen (\u201eFirst-Party-Cookies\u201c) oder das Setzen von Cookies durch andere Domainnamen ausl\u00f6sen (\u201eThird-Party-Cookies\u201c). W\u00e4hrend wir bestimmte Cookies, die f\u00fcr die Bereitstellung der von Ihnen angeforderten Dienste oder zur Erm\u00f6glichung der Kommunikation zwingend erforderlich sind, automatisch einsetzen, holen wir f\u00fcr alle anderen Verwendungen von Cookies Ihre Einwilligung ein. Diese Cookies werden ausschliesslich nach Erteilung Ihrer Einwilligung gespeichert. Sie k\u00f6nnen \u00fcber diesen <a href=\"#cookies_config\" data-type=\"internal\" data-id=\"#cookies_config\">Link<\/a> entscheiden, ob Sie der Verwendung von Cookies zustimmen oder diese ablehnen.<\/p>\n<\/div><\/div>\n<\/div><\/div>\n\n\n\n<div class=\"wp-block-group collapse-item\"><div class=\"wp-block-group__inner-container is-layout-constrained wp-block-group-is-layout-constrained\">\n<p class=\"collapse-header\">4.2 Arten der auf unserer Website verwendeten Cookies und deren Zwecke<\/p>\n\n\n\n<div class=\"wp-block-group collapse-content\"><div class=\"wp-block-group__inner-container is-layout-constrained wp-block-group-is-layout-constrained\">\n<p>4.2.1 <em>Wir verwenden die folgenden Arten von Cookies<\/em>: Cookies auf unserer Website erfassen Daten entweder, wenn diese von Ihnen bereitgestellt werden, oder wenn sie f\u00fcr das ordnungsgem\u00e4sse Funktionieren (Betrieb oder Sicherheit) unserer Website sowie f\u00fcr die Bereitstellung unserer Inhalte und die Durchf\u00fchrung und Einsichtnahme in unsere Vertr\u00e4ge in Bezug auf unsere Produkte und\/oder Dienstleistungen (wie in unseren <a href=\"https:\/\/www.escentina.com\/de\/allgemeine-geschaftsbedingungen\/\" data-type=\"page\" data-id=\"5008\">Allgemeinen Gesch\u00e4ftsbedingungen<\/a> definiert) erforderlich sind (zusammen die &#8222;<strong><em>Zwecke<\/em><\/strong>&#8222;). Wir verwenden Cookies ausserdem zur Verbesserung der Nutzererfahrung sowie zur Analyse des Verkehrs auf unserer Website. Die erhobenen Daten k\u00f6nnen personenbezogene Informationen wie Ihre IP-Adresse, das Land, von dem aus Sie auf die Dienste zugreifen, sowie verhaltensbezogene Informationen wie Anmeldedaten, Browserverlauf, Suchverlauf, Sprachen, Nutzerinteraktionen und Pr\u00e4ferenzen umfassen. Cookies k\u00f6nnen zudem Ihr Passwort und Ihren Benutzernamen speichern, sodass Sie sich bei Ihrem n\u00e4chsten Besuch unserer Website nicht erneut an Ihre Anmeldeinformationen erinnern m\u00fcssen. Diese Daten werden auf Grundlage Ihrer Einwilligung, unseres berechtigten Interesses oder f\u00fcr die \u201cZwecke\u201d verarbeitet und verwendet. Wir verwenden die folgenden Cookies.<\/p>\n\n\n\n<p>4.2.2 <em>Unbedingt erforderliche Cookies<\/em>: Diese Cookies sind f\u00fcr das ordnungsgem\u00e4sse Funktionieren unserer Website unerl\u00e4sslich. Sie werden typischerweise als Reaktion auf von Ihnen durchgef\u00fchrte Aktionen gesetzt, wie zum Beispiel das Festlegen Ihrer Datenschutzeinstellungen, das Einloggen oder das Ausf\u00fcllen von Formularen. Dar\u00fcber hinaus spielen sie eine Rolle bei der Sicherung Ihrer Navigation auf der Website. Obwohl Sie Ihren Browser so konfigurieren k\u00f6nnen, dass diese Cookies blockiert werden oder Benachrichtigungen \u00fcber sie erhalten, kann das Deaktivieren bestimmte Bereiche unserer Website beeintr\u00e4chtigen.<\/p>\n\n\n\n<p>4.2.3 <em>Funktions-Cookies<\/em>: Diese Cookies erm\u00f6glichen n\u00fctzliche, jedoch nicht unbedingt erforderliche Funktionen der Website, um Ihre Gesamterfahrung zu verbessern (einschliesslich CAPTCHA von hCaptcha, um festzustellen, ob der Benutzer ein Mensch ist). Bei Ihrer R\u00fcckkehr auf unsere Website k\u00f6nnen sie Sie wiedererkennen, wodurch eine Personalisierung von Inhalten oder das Merken von Pr\u00e4ferenzen wie Sprache oder Regionseinstellungen, Benutzernamen und Passw\u00f6rtern m\u00f6glich wird. Obwohl diese Cookies Besucher \u00fcber die Zeit auf unserer Website identifizieren k\u00f6nnen, erstreckt sich diese Identifizierung nicht auf andere Websites.<\/p>\n\n\n\n<p>4.2.4 <em>Analyse-\/Performance-Cookies<\/em>: Diese Cookies erm\u00f6glichen es uns und unserem Drittanbieter Matomo Analytics und\/oder Metricool, die Interaktionen und das Verhalten der Besucher sowie deren Standort (Region nur basierend auf anonymisierten Daten) und Traffic-Quellen zu erkennen und zu verfolgen. Sie unterst\u00fctzen die Beobachtung und Auswertung der Navigation der Nutzer auf unserer Website und identifizieren die am meisten bzw. am wenigsten besuchten Seiten. Dies hilft uns, die Funktionalit\u00e4t unserer Website zu messen und zu verbessern, um sicherzustellen, dass Nutzer leicht finden, was sie ben\u00f6tigen. Obwohl diese Cookies f\u00fcr den grundlegenden Betrieb unserer Website nicht erforderlich sind, bedeutet deren Ablehnung, dass Ihr Besuch nicht aufgezeichnet wird. Drittanbieter k\u00f6nnen Cookies verwenden, um Daten zu sammeln und Informationen von anderen Websites, die Sie besucht haben (und die sie ebenfalls verfolgen), zu kombinieren und diese kombinierten Informationen f\u00fcr ihre eigenen Zwecke zu verwenden. Die von diesen Drittanbieter-Websites gesammelten Informationen unterliegen deren eigenen Bedingungen und Richtlinien, nicht dieser Cookie-Richtlinie (siehe Abschnitt zu Drittanbieter-Cookies).<\/p>\n\n\n\n<p>4.2.5 <em>Marketing- und Werbe-Cookies<\/em>: Wir verwenden Werbetools, um die Leistung unserer Werbekampagnen (Google Ads, LinkedIn Ads) zu messen, Conversions zu verfolgen und Ihnen relevantere Inhalte bzw. personalisierte Werbung bereitzustellen. Sie k\u00f6nnen Informationen wie Ihre IP-Adresse und Interaktionen mit unserer Website (z.\u202fB. besuchte Seiten, IP-Adresse, Browsertyp, auf der Website durchgef\u00fchrte Aktionen) erfassen und an unsere Werbepartner (Google, LinkedIn) weitergeben, die diese Daten weiterverarbeiten.<\/p>\n\n\n\n<p>4.2.6 <em>Drittanbieter-Cookies<\/em>: Unsere Website verwendet Cookies, die von Drittanbieter-Dienstleistern gesetzt werden, um erweiterte Funktionen und personalisierte Inhalte anzubieten. Dazu geh\u00f6ren CAPTCHA-Cookies (hCaptcha), um zu \u00fcberpr\u00fcfen, ob der Benutzer ein Mensch ist, sowie n\u00fctzliche, jedoch nicht unbedingt erforderliche Funktionen oder Plugins, die Drittanbieter-Dienste mit Cookies erm\u00f6glichen, wie Social-Media-Connectoren (Metricool), Web-Traffic-Analyse-Dienste (Matomo Analytics) und Werbetools (Google Ads und LinkedIn Ads). Diese Cookies erm\u00f6glichen die Identifizierung von Besuchern \u00fcber verschiedene Websites hinweg und \u00fcber die Zeit. Wir haben keine Kontrolle \u00fcber die Nutzung, Dauer oder die F\u00e4higkeit zur Weitergabe von Informationen dieser Drittanbieter-Cookies. Dar\u00fcber hinaus verwendet unsere Website weitere Plugins, die es Nutzern erm\u00f6glichen, bestimmte Inhalte unserer Website, wie Stellenangebote oder Nachrichtenartikel, auf Social-Media-Plattformen wie Facebook, Instagram und LinkedIn zu teilen. Dabei werden Nutzer auf Drittanbieter-Websites weitergeleitet. Diese Plugins k\u00f6nnen Drittanbieter-Cookies setzen, wodurch soziale Netzwerke und andere externe Anbieter Ihre Aktivit\u00e4ten auf verschiedenen Websites verfolgen k\u00f6nnen. Die durch diese Plugins, Drittanbieter-Cookies und Websites gesammelten Informationen unterliegen deren eigenen Bedingungen und Richtlinien, nicht dieser Cookie-Richtlinie. Bitte \u00fcberpr\u00fcfen Sie deren Bedingungen und Richtlinien, bevor Sie Ihre Einwilligung zu Drittanbieter-Cookies geben.<\/p>\n<\/div><\/div>\n<\/div><\/div>\n\n\n\n<div class=\"wp-block-group collapse-item\"><div class=\"wp-block-group__inner-container is-layout-constrained wp-block-group-is-layout-constrained\">\n<p class=\"collapse-header\">4.3 Unsere Datenschutzrichtlinie<\/p>\n\n\n\n<div class=\"wp-block-group collapse-content\"><div class=\"wp-block-group__inner-container is-layout-constrained wp-block-group-is-layout-constrained\">\n<p>4.3.1 Unsere <a href=\"https:\/\/www.escentina.com\/de\/data-privacy-policy\/\" data-type=\"page\" data-id=\"8278\" target=\"_blank\" rel=\"noreferrer noopener\">Datenschutzrichtlinie<\/a> beschreibt unsere Verfahren f\u00fcr alle personenbezogenen Daten, die unsere First-Party-Cookies erfassen, speichern oder verwenden, einschliesslich unserer Rechtsgrundlage f\u00fcr die Verarbeitung personenbezogener Daten. Wir st\u00fctzen uns auf unsere Datenschutzrichtlinie, um personenbezogene Daten zu verarbeiten, die durch unsere First-Party-Cookies gesammelt werden.<\/p>\n<\/div><\/div>\n<\/div><\/div>\n\n\n\n<div class=\"wp-block-group collapse-item\"><div class=\"wp-block-group__inner-container is-layout-constrained wp-block-group-is-layout-constrained\">\n<p class=\"collapse-header\">4.4 Ablaufzeiten von Cookies<\/p>\n\n\n\n<div class=\"wp-block-group collapse-content\"><div class=\"wp-block-group__inner-container is-layout-constrained wp-block-group-is-layout-constrained\">\n<p>4.4.1 Mit Ausnahme der unbedingt erforderlichen Cookies laufen alle First-Party-Cookies, die von unserer Website gesetzt werden, sp\u00e4testens einen Monat nach Ihrem letzten Besuch auf unserer Website ab. Die Ablaufzeiten von Drittanbieter-Cookies werden von deren jeweiligen Eigent\u00fcmern festgelegt.<\/p>\n<\/div><\/div>\n<\/div><\/div>\n\n\n\n<div class=\"wp-block-group collapse-item\"><div class=\"wp-block-group__inner-container is-layout-constrained wp-block-group-is-layout-constrained\">\n<p class=\"collapse-header\">4.5 Grenz\u00fcberschreitende Daten\u00fcbertragungen<\/p>\n\n\n\n<div class=\"wp-block-group collapse-content\"><div class=\"wp-block-group__inner-container is-layout-constrained wp-block-group-is-layout-constrained\">\n<p>4.5.1 Die von uns verwendeten Cookies k\u00f6nnen personenbezogene Daten in ein Land ausserhalb Ihres eigenen verarbeiten, speichern oder \u00fcbertragen, dessen Datenschutzgesetze m\u00f6glicherweise andere, eventuell geringere Schutzmassnahmen bieten. Sie stimmen dieser \u00dcbertragung, Speicherung oder Verarbeitung zu, wenn Sie der Nutzung unserer Cookies zustimmen oder bestimmte. Dienste unserer Website nutzen. Unser Hauptsitz befindet sich in Winterthur, Schweiz. Weitere Informationen:<\/p>\n\n\n\n<ul class=\"wp-block-list\">\n<li>Unser Website-Hosting-Anbieter Infomaniak, mit Sitz in der Schweiz, unterliegt schweizerischem Recht.<\/li>\n\n\n\n<li>CAPTCHA cookie ist hCaptcha bereitgestellt von Intuition Machines, Inc., einem Unternehmen mit Sitz in Delaware (USA).<\/li>\n\n\n\n<li>Unser Web-Traffic-Analyse-Anbieter, Matomo Analytics, hat seinen Sitz in Deutschland und unterliegt den EU-Gesetzen.<\/li>\n\n\n\n<li>Unser Social-Media-Connector, Metricool, hat seinen Sitz in Spanien.<\/li>\n\n\n\n<li>Die Marketing-Cookies sind Google Ads und LinkedIn Ads, die Daten \u00fcber Google Tag bzw. LinkedIn Insight Tag sammeln und an Google bzw. LinkedIn weitergeben, deren Server sich in den Vereinigten Staaten oder anderen L\u00e4ndern befinden, die m\u00f6glicherweise keinen dem EU- oder Schweizer Datenschutz vergleichbaren Schutz gew\u00e4hrleisten.<\/li>\n<\/ul>\n<\/div><\/div>\n<\/div><\/div>\n\n\n\n<div class=\"wp-block-group collapse-item\"><div class=\"wp-block-group__inner-container is-layout-constrained wp-block-group-is-layout-constrained\">\n<p class=\"collapse-header\">4.6 Ihre Cookie-Einstellungen<\/p>\n\n\n\n<div class=\"wp-block-group collapse-content\"><div class=\"wp-block-group__inner-container is-layout-constrained wp-block-group-is-layout-constrained\">\n<p>4.6.1 Sie k\u00f6nnen Ihre Einwilligung zur Nutzung unserer Cookies, die nicht unbedingt erforderlich sind, jederzeit \u00fcber unser Cookie-Management-Panel auf diesem <a href=\"#cookies_config\" data-type=\"internal\" data-id=\"#cookies_config\">Link<\/a> widerrufen. Die meisten Webbrowser erm\u00f6glichen es Ihnen, entweder alle Cookies oder nur Drittanbieter-Cookies direkt \u00fcber Ihre Browsereinstellungen zu blockieren. Die Verwendung Ihrer Browsereinstellungen zum Blockieren aller Cookies, einschliesslich der unbedingt erforderlichen, kann das ordnungsgem\u00e4sse Funktionieren unserer Website beeintr\u00e4chtigen.<\/p>\n<\/div><\/div>\n<\/div><\/div>\n\n\n\n<div class=\"wp-block-group collapse-item\"><div class=\"wp-block-group__inner-container is-layout-constrained wp-block-group-is-layout-constrained\">\n<p class=\"collapse-header\">4.7 \u00c4nderungen unserer Cookie-Richtlinie<\/p>\n\n\n\n<div class=\"wp-block-group collapse-content\"><div class=\"wp-block-group__inner-container is-layout-constrained wp-block-group-is-layout-constrained\">\n<p>4.7.1 Wir werden alle \u00c4nderungen in Bezug auf die Nutzung von Cookies auf dieser Seite ver\u00f6ffentlichen und auf unserer Website darauf hinweisen, dass wir diese Cookie-Richtlinie aktualisiert haben. Wenn die \u00c4nderungen die Art und Weise, wie wir Cookies verwenden, wesentlich ver\u00e4ndern, werden wir auf unserer Website einen Hinweis ver\u00f6ffentlichen und Ihre Einwilligung f\u00fcr die wesentlich ge\u00e4nderte Nutzung einholen. Bitte besuchen Sie diese Seite regelm\u00e4ssig, um etwaige Aktualisierungen oder \u00c4nderungen unserer Cookie-Richtlinie einzusehen.<\/p>\n<\/div><\/div>\n<\/div><\/div>\n\n\n\n<div class=\"wp-block-group collapse-item\"><div class=\"wp-block-group__inner-container is-layout-constrained wp-block-group-is-layout-constrained\">\n<p class=\"collapse-header\">4.8 Cookie-Tabelle<\/p>\n\n\n\n<div class=\"wp-block-group collapse-content\"><div class=\"wp-block-group__inner-container is-layout-constrained wp-block-group-is-layout-constrained\">\n<figure class=\"wp-block-table is-style-regular tab-cookies mb-5\"><table class=\"has-fixed-layout\"><tbody><tr><td><\/td><td>\n<strong>Quelle<\/strong>\n<\/td><td>\n<strong>Erhobene personenbezogene Daten<\/strong>\n<\/td><td>\n<strong>Zwecke<\/strong>\n<\/td><\/tr><tr><td rowspan=\"2\">\n<strong>Unbedingt erforderliche Cookies<\/strong>\n<\/td><td>\n<strong>Technische und Sitzungs-Cookies<\/strong>\n<br>\n<em>cookies_config<\/em>\n<\/td><td>Sitzungs-ID, Status der Cookie-Einwilligung, Nutzerpr\u00e4ferenzen, Verwaltung der Navigation zwischen Seiten.<\/td><td>Sicherstellung des ordnungsgem\u00e4ssen Betriebs der Website und der Navigation.<\/td><\/tr><tr><td>\n<strong>Authentifizierungs-Cookies (Login) <\/strong>\n<em>wordpress<\/em>\n<br>\n<em>wordpress_logged_in<\/em>\n<\/td><td>Login zum Kundenportal: Anmeldedaten, Sitzungs-ID.<\/td><td>Sicheres Login und Zugriff auf das Kundenportal.<\/td><\/tr><tr><td rowspan=\"2\">\n<strong>Funktions-Cookies<\/strong>\n<\/td><td>\n<strong>Sprache<\/strong>\n<br>\n<em>wp_wpml_current_language wp_wpml_current_admin_language<\/em>\n<\/td><td>Bevorzugte Sprache des Nutzers.<\/td><td>Personalisierung der Nutzererfahrung (Sprache).<\/td><\/tr><tr><td>\n<strong>hCaptcha<\/strong>\n<br>\n<em>hmt_id<\/em>\n<br>_<em>cflb session<\/em>\n<\/td><td>Daten im Zusammenhang mit der Anti-Bot-Verifizierung (IP-Adresse, Interaktionen mit dem CAPTCHA, Browser).<\/td><td>Sicherheit, Spam-Pr\u00e4vention, Vermeidung von Bots.<\/td><\/tr><tr><td rowspan=\"2\">\n<strong>Analyse-Cookies<\/strong>\n<\/td><td>\n<strong>Matomo<\/strong>\n<br>\n<em>_pk_id<\/em>\n<br>\n<em>_pk_ses<\/em>\n<\/td><td>Browsing-Daten (besuchte Seiten, Klicks, Besuchsdauer, Verhalten), IP-Adresse, Land, Browser, Betriebssystem, Aufl\u00f6sung, Besucher-ID (Pseudonym).<\/td><td>Zielgruppenanalyse und Verbesserung der Website<\/td><\/tr><tr><td>\n<strong>Metricool<\/strong>\n<br>\n<em>_mcool-a-clientd<\/em>\n<br>\n<em>_mcool-att-0<\/em>\n<br>\n<em>_wicasa<\/em>\n<br>\n<em>pll_language<\/em>\n<\/td><td>Analyse- und Verkehrsstatistiken (IP-Adresse, besuchte Seiten, Nutzerinteraktionen).<\/td><td>Marketing- und statistische Analysen, Analyse der Website-Performance, Planung und Ver\u00f6ffentlichung in sozialen Medien.<\/td><\/tr><tr><td rowspan=\"2\">\n<strong>Marketing-Cookies<\/strong>\n<\/td><td>\n<strong>Google<\/strong>\n<br>\n<em>_gcl_ls<\/em>\n<br>\n<em>_gcl_au<\/em>\n<br>\n<br>\n<strong>LinkedIn<\/strong>\n<br>\n<em>li_fat_id<\/em>\n<br>\n<em>li_sugr<\/em>\n<\/td><td>Browsing-Daten (z.\u202fB. besuchte Seiten, IP-Adresse, Browsertyp, auf der Website durchgef\u00fchrte Aktionen).<\/td><td>Zielgruppenmessung, Conversion-Tracking, Optimierung von Werbung und Retargeting.<\/td><\/tr><\/tbody><\/table><\/figure>\n<\/div><\/div>\n<\/div><\/div>\n\n\n\n<div class=\"wp-block-group collapse-item\"><div class=\"wp-block-group__inner-container is-layout-constrained wp-block-group-is-layout-constrained\">\n<p class=\"collapse-header\">4.9 Kontaktinformationen<\/p>\n\n\n\n<div class=\"wp-block-group collapse-content\"><div class=\"wp-block-group__inner-container is-layout-constrained wp-block-group-is-layout-constrained\">\n<p>Bei richten Sie alle Fragen, Kommentare oder Anfrage zu dieser Cookie-Richtlinie \u00fcber das in unserer das in unserer Datenschutzrichtlinie beschriebene Verfahren an unseren Datenschutzbeauftragten, Marc Wyler: <a href=\"mailto:marc.wyler@escentina.com\">marc.wyler@escentina.com<\/a> oder +41 52 245 05 60.<\/p>\n<\/div><\/div>\n<\/div><\/div>\n<\/div><\/div>\n","protected":false},"excerpt":{"rendered":"<p>Pr\u00e4ambel G\u00fcltig ab dem 1. Januar 2025 F\u00fcr Essencia, Aetherische Oele AG (&#8222;Essencia AG&#8222;) hat der Schutz Ihrer pers\u00f6nlichen Daten oberste Priorit\u00e4t. Nachstehend finden Sie unsere Cookie-Richtlinien bez\u00fcglich unserer Website www.escentina.com (&#8222;Website&#8222;). 4.1 Verst\u00e4ndnis dieser Cookie-Richtlinie 4.1.1 Werden in dieser Cookie-Richtlinie bestimmte Begriffe und Formulierungen verwendet, haben diese eine besondere Bedeutung (die &#8222;definierten Begriffe&#8222;). Definierte Begriffe erkennen Sie&#8230;<\/p>\n","protected":false},"author":1,"featured_media":0,"parent":0,"menu_order":0,"comment_status":"closed","ping_status":"closed","template":"page-standard.php","meta":{"_acf_changed":false,"_seopress_robots_primary_cat":"","_seopress_titles_title":"","_seopress_titles_desc":"","_seopress_robots_index":"yes","footnotes":""},"class_list":["post-8287","page","type-page","status-publish","hentry"],"acf":[],"_links":{"self":[{"href":"https:\/\/www.escentina.com\/de\/wp-json\/wp\/v2\/pages\/8287","targetHints":{"allow":["GET"]}}],"collection":[{"href":"https:\/\/www.escentina.com\/de\/wp-json\/wp\/v2\/pages"}],"about":[{"href":"https:\/\/www.escentina.com\/de\/wp-json\/wp\/v2\/types\/page"}],"author":[{"embeddable":true,"href":"https:\/\/www.escentina.com\/de\/wp-json\/wp\/v2\/users\/1"}],"replies":[{"embeddable":true,"href":"https:\/\/www.escentina.com\/de\/wp-json\/wp\/v2\/comments?post=8287"}],"version-history":[{"count":16,"href":"https:\/\/www.escentina.com\/de\/wp-json\/wp\/v2\/pages\/8287\/revisions"}],"predecessor-version":[{"id":14417,"href":"https:\/\/www.escentina.com\/de\/wp-json\/wp\/v2\/pages\/8287\/revisions\/14417"}],"wp:attachment":[{"href":"https:\/\/www.escentina.com\/de\/wp-json\/wp\/v2\/media?parent=8287"}],"curies":[{"name":"wp","href":"https:\/\/api.w.org\/{rel}","templated":true}]}}